{"id":4728,"date":"2017-01-09T14:17:03","date_gmt":"2017-01-09T14:17:03","guid":{"rendered":"http:\/\/hotelgrand.host28.reea.net\/?page_id=4728"},"modified":"2017-05-17T13:07:11","modified_gmt":"2017-05-17T13:07:11","slug":"conferinte-intalniri","status":"publish","type":"page","link":"https:\/\/hotelgrand.ro\/ro\/grand-events\/conferinte-intalniri\/","title":{"rendered":"Conferin\u021be \u0219i \u00eent\u00e2lniri"},"content":{"rendered":"<p>Pentru o afacere, conferin\u021bele \u00eenceamn\u0103 mult mai mult dec\u00e2t v\u0103 pute\u021bi imagina. De aceea, v\u0103 punem la dispozi\u021bie spa\u021biile potrivite pentru evenimente business de succes. Putem spune c\u0103 nu haina \u00eel face pe om, dar cu siguran\u021b\u0103 spa\u021biul \u00een care se desf\u0103\u0219oar\u0103 un eveniment business sau corporate are o mare influen\u021b\u0103 asupra bunei desf\u0103\u0219ur\u0103ri a acestuia.<\/p>\n<p>S\u0103lile de conferin\u021b\u0103 ale hotelului Grand din T\u00e2rgu-Mure\u0219 sunt dotate cu echipamentul necesar, compus din sistem de sunet cu microfoane cu fir \u0219i f\u0103r\u0103 fir, ecran de proiec\u021bie, video-proiector, flipchart, computer \u0219i acces la internet.<\/p>\n<p>Sala de conferin\u021be Grand prime\u0219te p\u00e2n\u0103 la 200 de persoane. \u00cen func\u021bie de preferin\u021bele dumneavoastr\u0103, poate fi aranjat\u0103 tip teatru, U shape, classroom sau cabaret. Sala Grand are un mic secret &#8211; prime\u0219te foarte mult\u0103 lumin\u0103 natural\u0103, datorit\u0103\u00a0ferestrelor mari.<\/p>\n<p>Sala Europa este destinat\u0103 evenimentelor bussiness de mai mic\u0103 avengur\u0103. Capacitatea acestei s\u0103li de \u00eent\u00e2lniri este de p\u00e2n\u0103 la 80 de persoane, aranjat\u0103 tip teatru, \u0219i dispune de urm\u0103toarele echipamente standard: flipchart, video-proiector, ecran de proiec\u021bie, microfoane wireless \u0219i acces la internet.<\/p>\n<p>De asemenea, lobyy-ul din recep\u021bie se ridic\u0103 la cele mai \u00eenalte standarde c\u00e2nd vine vorba despre expozi\u021bii de art\u0103, lans\u0103ri de carte sau chiar t\u00e2rguri.<\/p>\n<p>Indiferent de eveniment, personalul nostru se va asigura c\u0103 ave\u021bi totul la dispozi\u021bie pentru\u00a0ca acesta s\u0103 fie un succes.<\/p>\n<div class=\"gdlr-shortcode-wrapper\"><div class=\"gdlr-gallery-item gdlr-item\" ><div class=\"gallery-column four columns\"><div class=\"gallery-item\"><a href=\"https:\/\/hotelgrand.ro\/wp-content\/uploads\/2017\/01\/AK6A6449.jpg\" data-fancybox-group=\"gdlr-gal-1\" data-rel=\"fancybox\" ><img fetchpriority=\"high\" decoding=\"async\" src=\"https:\/\/hotelgrand.ro\/wp-content\/uploads\/2017\/01\/AK6A6449-400x300.jpg\" alt=\"\" width=\"400\" height=\"300\" \/><\/a><\/div><\/div><div class=\"gallery-column four columns\"><div class=\"gallery-item\"><a href=\"https:\/\/hotelgrand.ro\/wp-content\/uploads\/2017\/01\/AK6A6452.jpg\" data-fancybox-group=\"gdlr-gal-1\" data-rel=\"fancybox\" ><img decoding=\"async\" src=\"https:\/\/hotelgrand.ro\/wp-content\/uploads\/2017\/01\/AK6A6452-400x300.jpg\" alt=\"\" width=\"400\" height=\"300\" \/><\/a><\/div><\/div><div class=\"gallery-column four columns\"><div class=\"gallery-item\"><a href=\"https:\/\/hotelgrand.ro\/wp-content\/uploads\/2017\/01\/AK6A6456.jpg\" data-fancybox-group=\"gdlr-gal-1\" data-rel=\"fancybox\" ><img decoding=\"async\" src=\"https:\/\/hotelgrand.ro\/wp-content\/uploads\/2017\/01\/AK6A6456-400x300.jpg\" alt=\"\" width=\"400\" height=\"300\" \/><\/a><\/div><\/div><div class=\"clear\"><\/div><div class=\"gallery-column four columns\"><div class=\"gallery-item\"><a href=\"https:\/\/hotelgrand.ro\/wp-content\/uploads\/2017\/01\/AK6A6457.jpg\" data-fancybox-group=\"gdlr-gal-1\" data-rel=\"fancybox\" ><img loading=\"lazy\" decoding=\"async\" src=\"https:\/\/hotelgrand.ro\/wp-content\/uploads\/2017\/01\/AK6A6457-400x300.jpg\" alt=\"\" width=\"400\" height=\"300\" \/><\/a><\/div><\/div><div class=\"gallery-column four columns\"><div class=\"gallery-item\"><a href=\"https:\/\/hotelgrand.ro\/wp-content\/uploads\/2017\/01\/AK6A6463.jpg\" data-fancybox-group=\"gdlr-gal-1\" data-rel=\"fancybox\" ><img loading=\"lazy\" decoding=\"async\" src=\"https:\/\/hotelgrand.ro\/wp-content\/uploads\/2017\/01\/AK6A6463-400x300.jpg\" alt=\"\" width=\"400\" height=\"300\" \/><\/a><\/div><\/div><div class=\"clear\"><\/div><\/div><\/div>\n","protected":false},"excerpt":{"rendered":"<p>Pentru o afacere, conferin\u021bele \u00eenceamn\u0103 mult mai mult dec\u00e2t v\u0103 pute\u021bi imagina. De aceea, v\u0103 punem la dispozi\u021bie spa\u021biile potrivite pentru evenimente business de succes. Putem spune c\u0103 nu haina \u00eel face pe om, dar cu siguran\u021b\u0103 spa\u021biul \u00een care se desf\u0103\u0219oar\u0103 un eveniment business sau corporate are o mare influen\u021b\u0103 asupra bunei desf\u0103\u0219ur\u0103ri a&#8230; <\/p>\n<div class=\"clear\"><\/div>\n<p><a href=\"https:\/\/hotelgrand.ro\/ro\/grand-events\/conferinte-intalniri\/\" class=\"excerpt-read-more\">Continue Reading<i class=\"fa fa-long-arrow-right icon-long-arrow-right\"><\/i><\/a><\/p>\n","protected":false},"author":1,"featured_media":0,"parent":4736,"menu_order":0,"comment_status":"closed","ping_status":"closed","template":"","meta":{"om_disable_all_campaigns":false,"_monsterinsights_skip_tracking":false,"_monsterinsights_sitenote_active":false,"_monsterinsights_sitenote_note":"","_monsterinsights_sitenote_category":0,"footnotes":""},"class_list":["post-4728","page","type-page","status-publish","hentry"],"aioseo_notices":[],"_links":{"self":[{"href":"https:\/\/hotelgrand.ro\/ro\/wp-json\/wp\/v2\/pages\/4728","targetHints":{"allow":["GET"]}}],"collection":[{"href":"https:\/\/hotelgrand.ro\/ro\/wp-json\/wp\/v2\/pages"}],"about":[{"href":"https:\/\/hotelgrand.ro\/ro\/wp-json\/wp\/v2\/types\/page"}],"author":[{"embeddable":true,"href":"https:\/\/hotelgrand.ro\/ro\/wp-json\/wp\/v2\/users\/1"}],"replies":[{"embeddable":true,"href":"https:\/\/hotelgrand.ro\/ro\/wp-json\/wp\/v2\/comments?post=4728"}],"version-history":[{"count":10,"href":"https:\/\/hotelgrand.ro\/ro\/wp-json\/wp\/v2\/pages\/4728\/revisions"}],"predecessor-version":[{"id":5292,"href":"https:\/\/hotelgrand.ro\/ro\/wp-json\/wp\/v2\/pages\/4728\/revisions\/5292"}],"up":[{"embeddable":true,"href":"https:\/\/hotelgrand.ro\/ro\/wp-json\/wp\/v2\/pages\/4736"}],"wp:attachment":[{"href":"https:\/\/hotelgrand.ro\/ro\/wp-json\/wp\/v2\/media?parent=4728"}],"curies":[{"name":"wp","href":"https:\/\/api.w.org\/{rel}","templated":true}]}}