{"id":4729,"date":"2017-01-09T14:47:15","date_gmt":"2017-01-09T14:47:15","guid":{"rendered":"http:\/\/hotelgrand.host28.reea.net\/?page_id=4729"},"modified":"2017-05-30T12:43:17","modified_gmt":"2017-05-30T12:43:17","slug":"evenimente-speciale","status":"publish","type":"page","link":"https:\/\/hotelgrand.ro\/ro\/grand-events\/evenimente-speciale\/","title":{"rendered":"Evenimente speciale"},"content":{"rendered":"<p>Dac\u0103 \u00een celelalte categorii am descris c\u00e2te pu\u021bin s\u0103lile potrivite at\u00e2t pentru nun\u021bi, c\u00e2t \u0219i pentru conferin\u021be business, v\u0103 anun\u021b\u0103m c\u0103 suntem preg\u0103ti\u021bi s\u0103 accept\u0103m provoc\u0103rile dumneavoastr\u0103 \u0219i c\u0103 avem \u00eenc\u0103perile potrivite celor mai preten\u021bioase cerin\u021be.<\/p>\n<p>Astfel, v\u0103 oferim toate condi\u021biile pentru a organiza expozi\u021bii de art\u0103, t\u00e2rguri de joburi sau conferin\u021be cu expozi\u021bie. De asemenea, momente memorabile precum banchetul sau \u00eent\u00e2lnirile dup\u0103 10 ani de la terminarea liceului au nevoie de un spa\u021biu pe c\u00e2t se poate de primitor. Iar de botez nici nu mai \u00eencape \u00eendoial\u0103. Cel mic are nevoie de o petrecere \u00eentr-un loc de cinste pentru a-\u0219i anun\u021ba venirea pe lume.<\/p>\n<p>V\u0103 punem la dispozi\u021bie spa\u021biile ideale pentru a organiza orice tip de eveniment.<\/p>\n<p>Enumer\u0103m s\u0103lile de evenimente \u0219i conferin\u021be disponibile \u00een hotelul nostru mai jos:<\/p>\n<ul>\n<li>Sala de conferin\u021b\u0103 Grand &#8211; poate primi p\u00e2n\u0103 la 200 de persoane \u0219i poate fi aranjat\u0103 tip teatru, classroom, U shape \u0219i cabaret. Dispune de foarte mult\u0103 lumin\u0103 natural\u0103, av\u00e2nd \u00een vedere c\u0103 este dotat\u0103 cu ferestre mari.<\/li>\n<li>Sala de conferin\u021be \u0219i evenimente Europa &#8211; poate primi p\u00e2n\u0103 la 40 de persoane.<\/li>\n<li>Restaurantul Grand &#8211; potrivit pentru evenimente care adun\u0103 la un loc 130 de persoane.<\/li>\n<li>Sala Rhapsody &#8211; permite accesul unui num\u0103r de 350 de persoane \u0219i are teras\u0103 cu vedere asupra ora\u0219ului. Este potrivit\u0103 pentru evenimente de anvergur\u0103 mai mare.<\/li>\n<\/ul>\n<div class=\"gdlr-shortcode-wrapper\"><div class=\"gdlr-gallery-item gdlr-item\" ><div class=\"gallery-column four columns\"><div class=\"gallery-item\"><a href=\"https:\/\/hotelgrand.ro\/wp-content\/uploads\/2017\/01\/20160413_135542-2.jpg\" data-fancybox-group=\"gdlr-gal-1\" data-rel=\"fancybox\" ><img fetchpriority=\"high\" decoding=\"async\" src=\"https:\/\/hotelgrand.ro\/wp-content\/uploads\/2017\/01\/20160413_135542-2-400x300.jpg\" alt=\"\" width=\"400\" height=\"300\" \/><\/a><\/div><\/div><div class=\"gallery-column four columns\"><div class=\"gallery-item\"><a href=\"https:\/\/hotelgrand.ro\/wp-content\/uploads\/2017\/01\/20160413_140907-2.jpg\" data-fancybox-group=\"gdlr-gal-1\" data-rel=\"fancybox\" ><img decoding=\"async\" src=\"https:\/\/hotelgrand.ro\/wp-content\/uploads\/2017\/01\/20160413_140907-2-400x300.jpg\" alt=\"\" width=\"400\" height=\"300\" \/><\/a><\/div><\/div><div class=\"gallery-column four columns\"><div class=\"gallery-item\"><a href=\"https:\/\/hotelgrand.ro\/wp-content\/uploads\/2017\/01\/20160413_105011.jpg\" data-fancybox-group=\"gdlr-gal-1\" data-rel=\"fancybox\" ><img decoding=\"async\" src=\"https:\/\/hotelgrand.ro\/wp-content\/uploads\/2017\/01\/20160413_105011-400x300.jpg\" alt=\"\" width=\"400\" height=\"300\" \/><\/a><\/div><\/div><div class=\"clear\"><\/div><div class=\"gallery-column four columns\"><div class=\"gallery-item\"><a href=\"https:\/\/hotelgrand.ro\/wp-content\/uploads\/2017\/01\/20160706_181816-2.jpg\" data-fancybox-group=\"gdlr-gal-1\" data-rel=\"fancybox\" ><img loading=\"lazy\" decoding=\"async\" src=\"https:\/\/hotelgrand.ro\/wp-content\/uploads\/2017\/01\/20160706_181816-2-400x300.jpg\" alt=\"\" width=\"400\" height=\"300\" \/><\/a><\/div><\/div><div class=\"gallery-column four columns\"><div class=\"gallery-item\"><a href=\"https:\/\/hotelgrand.ro\/wp-content\/uploads\/2017\/01\/20160706_181908-2.jpg\" data-fancybox-group=\"gdlr-gal-1\" data-rel=\"fancybox\" ><img loading=\"lazy\" decoding=\"async\" src=\"https:\/\/hotelgrand.ro\/wp-content\/uploads\/2017\/01\/20160706_181908-2-400x300.jpg\" alt=\"\" width=\"400\" height=\"300\" \/><\/a><\/div><\/div><div class=\"clear\"><\/div><\/div><\/div>\n","protected":false},"excerpt":{"rendered":"<p>Dac\u0103 \u00een celelalte categorii am descris c\u00e2te pu\u021bin s\u0103lile potrivite at\u00e2t pentru nun\u021bi, c\u00e2t \u0219i pentru conferin\u021be business, v\u0103 anun\u021b\u0103m c\u0103 suntem preg\u0103ti\u021bi s\u0103 accept\u0103m provoc\u0103rile dumneavoastr\u0103 \u0219i c\u0103 avem \u00eenc\u0103perile potrivite celor mai preten\u021bioase cerin\u021be. Astfel, v\u0103 oferim toate condi\u021biile pentru a organiza expozi\u021bii de art\u0103, t\u00e2rguri de joburi sau conferin\u021be cu expozi\u021bie. De&#8230; <\/p>\n<div class=\"clear\"><\/div>\n<p><a href=\"https:\/\/hotelgrand.ro\/ro\/grand-events\/evenimente-speciale\/\" class=\"excerpt-read-more\">Continue Reading<i class=\"fa fa-long-arrow-right icon-long-arrow-right\"><\/i><\/a><\/p>\n","protected":false},"author":1,"featured_media":0,"parent":4736,"menu_order":0,"comment_status":"closed","ping_status":"closed","template":"","meta":{"om_disable_all_campaigns":false,"_monsterinsights_skip_tracking":false,"_monsterinsights_sitenote_active":false,"_monsterinsights_sitenote_note":"","_monsterinsights_sitenote_category":0,"footnotes":""},"class_list":["post-4729","page","type-page","status-publish","hentry"],"aioseo_notices":[],"_links":{"self":[{"href":"https:\/\/hotelgrand.ro\/ro\/wp-json\/wp\/v2\/pages\/4729","targetHints":{"allow":["GET"]}}],"collection":[{"href":"https:\/\/hotelgrand.ro\/ro\/wp-json\/wp\/v2\/pages"}],"about":[{"href":"https:\/\/hotelgrand.ro\/ro\/wp-json\/wp\/v2\/types\/page"}],"author":[{"embeddable":true,"href":"https:\/\/hotelgrand.ro\/ro\/wp-json\/wp\/v2\/users\/1"}],"replies":[{"embeddable":true,"href":"https:\/\/hotelgrand.ro\/ro\/wp-json\/wp\/v2\/comments?post=4729"}],"version-history":[{"count":6,"href":"https:\/\/hotelgrand.ro\/ro\/wp-json\/wp\/v2\/pages\/4729\/revisions"}],"predecessor-version":[{"id":5168,"href":"https:\/\/hotelgrand.ro\/ro\/wp-json\/wp\/v2\/pages\/4729\/revisions\/5168"}],"up":[{"embeddable":true,"href":"https:\/\/hotelgrand.ro\/ro\/wp-json\/wp\/v2\/pages\/4736"}],"wp:attachment":[{"href":"https:\/\/hotelgrand.ro\/ro\/wp-json\/wp\/v2\/media?parent=4729"}],"curies":[{"name":"wp","href":"https:\/\/api.w.org\/{rel}","templated":true}]}}