{"id":4730,"date":"2017-01-09T14:51:15","date_gmt":"2017-01-09T14:51:15","guid":{"rendered":"http:\/\/hotelgrand.host28.reea.net\/?page_id=4730"},"modified":"2017-06-13T08:35:36","modified_gmt":"2017-06-13T08:35:36","slug":"nunti","status":"publish","type":"page","link":"https:\/\/hotelgrand.ro\/ro\/grand-events\/nunti\/","title":{"rendered":"Nun\u021bi"},"content":{"rendered":"<p>Nu putem spune care sunt metodele prin care pute\u021bi deveni un om fericit \u0219i \u00eemplinit. Totu\u0219i, am aflat de-a lungul timpului c\u0103 fericirea o de\u021bin mereu cei care tr\u0103iesc clipa, prezentul. Iar ansamblul de imagini \u0219i emo\u021bii prinde via\u021b\u0103 \u0219i e conturat de locul unde alege\u021bi s\u0103 v\u0103 organiza\u021bi nunta. V\u0103 garant\u0103m c\u0103 hotelul nostru din T\u00eergu-Mure\u0219 face parte din re\u021beta nun\u021bii perfecte. Chiar dac\u0103 pl\u0103nui\u021bi un eveniment intim, restr\u00e2ns, sau unul cu un num\u0103r mai mare de invita\u021bi, v\u0103 asigur\u0103m loca\u021bia potrivit\u0103.<\/p>\n<p>Sala Rhapsody poate primi p\u00e2n\u0103 la 350\u00a0de invita\u021bi \u0219i permite accesul pe teras\u0103, care are o vedere excelent\u0103 asupra ora\u0219ului. Este proiectat\u0103 \u0219i aranjat\u0103 p\u00e2n\u0103 la cele mai mici detalii, av\u00e2nd cele mai frumoase decora\u021biuni, modelate \u00een jurul personalit\u0103\u021bii dumneavoastr\u0103 \u0219i a partenerului.<\/p>\n<p>Pentru o nunt\u0103 mai restr\u00e2ns\u0103, cu un num\u0103r mai mic de invita\u021bi, v\u0103 prezent\u0103m restaurantul Grand, care poate primi p\u00e2n\u0103 la 130 de persoane. De asemenea, pentru un eveniment mai intim, ave\u021bi la dispozi\u021bie sala Europa, care poate fi u\u0219or transformat\u0103 \u00eentr-o sal\u0103 stilat\u0103 \u0219i elegant\u0103,\u00a0care s\u0103 permit\u0103 accesul pentru 40 de invita\u021bi.<\/p>\n<p>Preparatele sunt mereu preg\u0103tite cu o aten\u021bie sporit\u0103 \u0219i, nu \u00een ultimul r\u00e2nd, cu pasiunea pe care buc\u0103tarii no\u0219tri au dovedit-o mereu. Iar personalul nostru se va asigura c\u0103 ve\u021bi avea totul la dispozi\u021bie pentru o nunt\u0103 de neuitat, \u00een \u201estil Grand\u201d a\u0219a cum v-a\u021bi dorit, indiferent de num\u0103rul de invita\u021bi.<\/p>\n<p>V\u0103 \u00eendemn\u0103m\u00a0s\u0103 ne onora\u021bi cu o vizit\u0103. V\u0103 vom demonstra c\u0103 suntem aici pentru a v\u0103 transforma ziua nun\u021bii \u00eentr-o amintire de neuitat. Hotelul Grand din T\u00eergu-Mure\u0219 este loca\u021bia potrivit\u0103 pentru o nunt\u0103 cu bun-gust.<\/p>\n<div class=\"gdlr-shortcode-wrapper\"><div class=\"gdlr-gallery-item gdlr-item\" ><div class=\"gallery-column four columns\"><div class=\"gallery-item\"><a href=\"https:\/\/hotelgrand.ro\/wp-content\/uploads\/2017\/01\/WhatsApp-Image-2017-06-12-at-16.49.34.jpeg\" data-fancybox-group=\"gdlr-gal-1\" data-rel=\"fancybox\" ><img fetchpriority=\"high\" decoding=\"async\" src=\"https:\/\/hotelgrand.ro\/wp-content\/uploads\/2017\/01\/WhatsApp-Image-2017-06-12-at-16.49.34-400x300.jpeg\" alt=\"\" width=\"400\" height=\"300\" \/><\/a><\/div><\/div><div class=\"gallery-column four columns\"><div class=\"gallery-item\"><a href=\"https:\/\/hotelgrand.ro\/wp-content\/uploads\/2017\/01\/WhatsApp-Image-2017-06-13-at-10.01.13-1.jpeg\" data-fancybox-group=\"gdlr-gal-1\" data-rel=\"fancybox\" ><img decoding=\"async\" src=\"https:\/\/hotelgrand.ro\/wp-content\/uploads\/2017\/01\/WhatsApp-Image-2017-06-13-at-10.01.13-1-400x300.jpeg\" alt=\"\" width=\"400\" height=\"300\" \/><\/a><\/div><\/div><div class=\"gallery-column four columns\"><div class=\"gallery-item\"><a href=\"https:\/\/hotelgrand.ro\/wp-content\/uploads\/2017\/01\/WhatsApp-Image-2017-06-13-at-10.01.14.jpeg\" data-fancybox-group=\"gdlr-gal-1\" data-rel=\"fancybox\" ><img decoding=\"async\" src=\"https:\/\/hotelgrand.ro\/wp-content\/uploads\/2017\/01\/WhatsApp-Image-2017-06-13-at-10.01.14-400x300.jpeg\" alt=\"\" width=\"400\" height=\"300\" \/><\/a><\/div><\/div><div class=\"clear\"><\/div><div class=\"gallery-column four columns\"><div class=\"gallery-item\"><a href=\"https:\/\/hotelgrand.ro\/wp-content\/uploads\/2017\/01\/WhatsApp-Image-2017-06-12-at-16.49.35.jpeg\" data-fancybox-group=\"gdlr-gal-1\" data-rel=\"fancybox\" ><img loading=\"lazy\" decoding=\"async\" src=\"https:\/\/hotelgrand.ro\/wp-content\/uploads\/2017\/01\/WhatsApp-Image-2017-06-12-at-16.49.35-400x300.jpeg\" alt=\"\" width=\"400\" height=\"300\" \/><\/a><\/div><\/div><div class=\"gallery-column four columns\"><div class=\"gallery-item\"><a href=\"https:\/\/hotelgrand.ro\/wp-content\/uploads\/2017\/01\/WhatsApp-Image-2017-06-13-at-10.01.15.jpeg\" data-fancybox-group=\"gdlr-gal-1\" data-rel=\"fancybox\" ><img loading=\"lazy\" decoding=\"async\" src=\"https:\/\/hotelgrand.ro\/wp-content\/uploads\/2017\/01\/WhatsApp-Image-2017-06-13-at-10.01.15-400x300.jpeg\" alt=\"\" width=\"400\" height=\"300\" \/><\/a><\/div><\/div><div class=\"gallery-column four columns\"><div class=\"gallery-item\"><a href=\"https:\/\/hotelgrand.ro\/wp-content\/uploads\/2017\/01\/WhatsApp-Image-2017-06-13-at-10.01.17-1.jpeg\" data-fancybox-group=\"gdlr-gal-1\" data-rel=\"fancybox\" ><img loading=\"lazy\" decoding=\"async\" src=\"https:\/\/hotelgrand.ro\/wp-content\/uploads\/2017\/01\/WhatsApp-Image-2017-06-13-at-10.01.17-1-400x300.jpeg\" alt=\"\" width=\"400\" height=\"300\" \/><\/a><\/div><\/div><div class=\"clear\"><\/div><div class=\"gallery-column four columns\"><div class=\"gallery-item\"><a href=\"https:\/\/hotelgrand.ro\/wp-content\/uploads\/2017\/01\/WhatsApp-Image-2017-06-13-at-10.01.15-1.jpeg\" data-fancybox-group=\"gdlr-gal-1\" data-rel=\"fancybox\" ><img loading=\"lazy\" decoding=\"async\" src=\"https:\/\/hotelgrand.ro\/wp-content\/uploads\/2017\/01\/WhatsApp-Image-2017-06-13-at-10.01.15-1-400x300.jpeg\" alt=\"\" width=\"400\" height=\"300\" \/><\/a><\/div><\/div><div class=\"gallery-column four columns\"><div class=\"gallery-item\"><a href=\"https:\/\/hotelgrand.ro\/wp-content\/uploads\/2017\/01\/WhatsApp-Image-2017-06-12-at-16.49.32.jpeg\" data-fancybox-group=\"gdlr-gal-1\" data-rel=\"fancybox\" ><img loading=\"lazy\" decoding=\"async\" src=\"https:\/\/hotelgrand.ro\/wp-content\/uploads\/2017\/01\/WhatsApp-Image-2017-06-12-at-16.49.32-400x300.jpeg\" alt=\"\" width=\"400\" height=\"300\" \/><\/a><\/div><\/div><div class=\"gallery-column four columns\"><div class=\"gallery-item\"><a href=\"https:\/\/hotelgrand.ro\/wp-content\/uploads\/2017\/01\/WhatsApp-Image-2017-06-13-at-10.01.16.jpeg\" data-fancybox-group=\"gdlr-gal-1\" data-rel=\"fancybox\" ><img loading=\"lazy\" decoding=\"async\" src=\"https:\/\/hotelgrand.ro\/wp-content\/uploads\/2017\/01\/WhatsApp-Image-2017-06-13-at-10.01.16-400x300.jpeg\" alt=\"\" width=\"400\" height=\"300\" \/><\/a><\/div><\/div><div class=\"clear\"><\/div><div class=\"gallery-column four columns\"><div class=\"gallery-item\"><a href=\"https:\/\/hotelgrand.ro\/wp-content\/uploads\/2017\/01\/WhatsApp-Image-2017-06-12-at-16.49.35-1.jpeg\" data-fancybox-group=\"gdlr-gal-1\" data-rel=\"fancybox\" ><img loading=\"lazy\" decoding=\"async\" src=\"https:\/\/hotelgrand.ro\/wp-content\/uploads\/2017\/01\/WhatsApp-Image-2017-06-12-at-16.49.35-1-400x300.jpeg\" alt=\"\" width=\"400\" height=\"300\" \/><\/a><\/div><\/div><div class=\"gallery-column four columns\"><div class=\"gallery-item\"><a href=\"https:\/\/hotelgrand.ro\/wp-content\/uploads\/2017\/01\/WhatsApp-Image-2017-06-13-at-10.01.16-1.jpeg\" data-fancybox-group=\"gdlr-gal-1\" data-rel=\"fancybox\" ><img loading=\"lazy\" decoding=\"async\" src=\"https:\/\/hotelgrand.ro\/wp-content\/uploads\/2017\/01\/WhatsApp-Image-2017-06-13-at-10.01.16-1-400x300.jpeg\" alt=\"\" width=\"400\" height=\"300\" \/><\/a><\/div><\/div><div class=\"gallery-column four columns\"><div class=\"gallery-item\"><a href=\"https:\/\/hotelgrand.ro\/wp-content\/uploads\/2017\/01\/WhatsApp-Image-2017-06-13-at-10.01.16-2.jpeg\" data-fancybox-group=\"gdlr-gal-1\" data-rel=\"fancybox\" ><img loading=\"lazy\" decoding=\"async\" src=\"https:\/\/hotelgrand.ro\/wp-content\/uploads\/2017\/01\/WhatsApp-Image-2017-06-13-at-10.01.16-2-400x300.jpeg\" alt=\"\" width=\"400\" height=\"300\" \/><\/a><\/div><\/div><div class=\"clear\"><\/div><div class=\"gallery-column four columns\"><div class=\"gallery-item\"><a href=\"https:\/\/hotelgrand.ro\/wp-content\/uploads\/2017\/01\/WhatsApp-Image-2017-06-13-at-10.01.17.jpeg\" data-fancybox-group=\"gdlr-gal-1\" data-rel=\"fancybox\" ><img loading=\"lazy\" decoding=\"async\" src=\"https:\/\/hotelgrand.ro\/wp-content\/uploads\/2017\/01\/WhatsApp-Image-2017-06-13-at-10.01.17-400x300.jpeg\" alt=\"\" width=\"400\" height=\"300\" \/><\/a><\/div><\/div><div class=\"gallery-column four columns\"><div class=\"gallery-item\"><a href=\"https:\/\/hotelgrand.ro\/wp-content\/uploads\/2017\/01\/WhatsApp-Image-2017-06-12-at-16.49.30.jpeg\" data-fancybox-group=\"gdlr-gal-1\" data-rel=\"fancybox\" ><img loading=\"lazy\" decoding=\"async\" src=\"https:\/\/hotelgrand.ro\/wp-content\/uploads\/2017\/01\/WhatsApp-Image-2017-06-12-at-16.49.30-400x300.jpeg\" alt=\"\" width=\"400\" height=\"300\" \/><\/a><\/div><\/div><div class=\"gallery-column four columns\"><div class=\"gallery-item\"><a href=\"https:\/\/hotelgrand.ro\/wp-content\/uploads\/2017\/01\/WhatsApp-Image-2017-06-12-at-16.49.31.jpeg\" data-fancybox-group=\"gdlr-gal-1\" data-rel=\"fancybox\" ><img loading=\"lazy\" decoding=\"async\" src=\"https:\/\/hotelgrand.ro\/wp-content\/uploads\/2017\/01\/WhatsApp-Image-2017-06-12-at-16.49.31-400x300.jpeg\" alt=\"\" width=\"400\" height=\"300\" \/><\/a><\/div><\/div><div class=\"clear\"><\/div><div class=\"gallery-column four columns\"><div class=\"gallery-item\"><a href=\"https:\/\/hotelgrand.ro\/wp-content\/uploads\/2017\/01\/WhatsApp-Image-2017-06-13-at-10.01.14-1.jpeg\" data-fancybox-group=\"gdlr-gal-1\" data-rel=\"fancybox\" ><img loading=\"lazy\" decoding=\"async\" src=\"https:\/\/hotelgrand.ro\/wp-content\/uploads\/2017\/01\/WhatsApp-Image-2017-06-13-at-10.01.14-1-400x300.jpeg\" alt=\"\" width=\"400\" height=\"300\" \/><\/a><\/div><\/div><div class=\"gallery-column four columns\"><div class=\"gallery-item\"><a href=\"https:\/\/hotelgrand.ro\/wp-content\/uploads\/2017\/01\/WhatsApp-Image-2017-06-12-at-16.49.34-1.jpeg\" data-fancybox-group=\"gdlr-gal-1\" data-rel=\"fancybox\" ><img loading=\"lazy\" decoding=\"async\" src=\"https:\/\/hotelgrand.ro\/wp-content\/uploads\/2017\/01\/WhatsApp-Image-2017-06-12-at-16.49.34-1-400x300.jpeg\" alt=\"\" width=\"400\" height=\"300\" \/><\/a><\/div><\/div><div class=\"gallery-column four columns\"><div class=\"gallery-item\"><a href=\"https:\/\/hotelgrand.ro\/wp-content\/uploads\/2017\/01\/img1-5.jpg\" data-fancybox-group=\"gdlr-gal-1\" data-rel=\"fancybox\" ><img loading=\"lazy\" decoding=\"async\" src=\"https:\/\/hotelgrand.ro\/wp-content\/uploads\/2017\/01\/img1-5-400x300.jpg\" alt=\"\" width=\"400\" height=\"300\" \/><\/a><\/div><\/div><div class=\"clear\"><\/div><div class=\"gallery-column four columns\"><div class=\"gallery-item\"><a href=\"https:\/\/hotelgrand.ro\/wp-content\/uploads\/2017\/01\/WhatsApp-Image-2017-06-13-at-10.01.15-2.jpeg\" data-fancybox-group=\"gdlr-gal-1\" data-rel=\"fancybox\" ><img loading=\"lazy\" decoding=\"async\" src=\"https:\/\/hotelgrand.ro\/wp-content\/uploads\/2017\/01\/WhatsApp-Image-2017-06-13-at-10.01.15-2-400x300.jpeg\" alt=\"\" width=\"400\" height=\"300\" \/><\/a><\/div><\/div><div class=\"gallery-column four columns\"><div class=\"gallery-item\"><a href=\"https:\/\/hotelgrand.ro\/wp-content\/uploads\/2017\/01\/img7-3.jpg\" data-fancybox-group=\"gdlr-gal-1\" data-rel=\"fancybox\" ><img loading=\"lazy\" decoding=\"async\" src=\"https:\/\/hotelgrand.ro\/wp-content\/uploads\/2017\/01\/img7-3-400x300.jpg\" alt=\"\" width=\"400\" height=\"300\" \/><\/a><\/div><\/div><div class=\"gallery-column four columns\"><div class=\"gallery-item\"><a href=\"https:\/\/hotelgrand.ro\/wp-content\/uploads\/2017\/01\/img25-1.jpg\" data-fancybox-group=\"gdlr-gal-1\" data-rel=\"fancybox\" ><img loading=\"lazy\" decoding=\"async\" src=\"https:\/\/hotelgrand.ro\/wp-content\/uploads\/2017\/01\/img25-1-400x300.jpg\" alt=\"\" width=\"400\" height=\"300\" \/><\/a><\/div><\/div><div class=\"clear\"><\/div><\/div><\/div>\n<p>&nbsp;<\/p>\n","protected":false},"excerpt":{"rendered":"<p>Nu putem spune care sunt metodele prin care pute\u021bi deveni un om fericit \u0219i \u00eemplinit. Totu\u0219i, am aflat de-a lungul timpului c\u0103 fericirea o de\u021bin mereu cei care tr\u0103iesc clipa, prezentul. Iar ansamblul de imagini \u0219i emo\u021bii prinde via\u021b\u0103 \u0219i e conturat de locul unde alege\u021bi s\u0103 v\u0103 organiza\u021bi nunta. V\u0103 garant\u0103m c\u0103 hotelul nostru&#8230; <\/p>\n<div class=\"clear\"><\/div>\n<p><a href=\"https:\/\/hotelgrand.ro\/ro\/grand-events\/nunti\/\" class=\"excerpt-read-more\">Continue Reading<i class=\"fa fa-long-arrow-right icon-long-arrow-right\"><\/i><\/a><\/p>\n","protected":false},"author":1,"featured_media":0,"parent":4736,"menu_order":0,"comment_status":"closed","ping_status":"closed","template":"","meta":{"om_disable_all_campaigns":false,"_monsterinsights_skip_tracking":false,"_monsterinsights_sitenote_active":false,"_monsterinsights_sitenote_note":"","_monsterinsights_sitenote_category":0,"footnotes":""},"class_list":["post-4730","page","type-page","status-publish","hentry"],"aioseo_notices":[],"_links":{"self":[{"href":"https:\/\/hotelgrand.ro\/ro\/wp-json\/wp\/v2\/pages\/4730","targetHints":{"allow":["GET"]}}],"collection":[{"href":"https:\/\/hotelgrand.ro\/ro\/wp-json\/wp\/v2\/pages"}],"about":[{"href":"https:\/\/hotelgrand.ro\/ro\/wp-json\/wp\/v2\/types\/page"}],"author":[{"embeddable":true,"href":"https:\/\/hotelgrand.ro\/ro\/wp-json\/wp\/v2\/users\/1"}],"replies":[{"embeddable":true,"href":"https:\/\/hotelgrand.ro\/ro\/wp-json\/wp\/v2\/comments?post=4730"}],"version-history":[{"count":10,"href":"https:\/\/hotelgrand.ro\/ro\/wp-json\/wp\/v2\/pages\/4730\/revisions"}],"predecessor-version":[{"id":5474,"href":"https:\/\/hotelgrand.ro\/ro\/wp-json\/wp\/v2\/pages\/4730\/revisions\/5474"}],"up":[{"embeddable":true,"href":"https:\/\/hotelgrand.ro\/ro\/wp-json\/wp\/v2\/pages\/4736"}],"wp:attachment":[{"href":"https:\/\/hotelgrand.ro\/ro\/wp-json\/wp\/v2\/media?parent=4730"}],"curies":[{"name":"wp","href":"https:\/\/api.w.org\/{rel}","templated":true}]}}