{"id":4745,"date":"2017-01-09T14:53:26","date_gmt":"2017-01-09T14:53:26","guid":{"rendered":"http:\/\/hotelgrand.host28.reea.net\/?page_id=4745"},"modified":"2017-06-20T14:23:07","modified_gmt":"2017-06-20T14:23:07","slug":"cetatea-medievala","status":"publish","type":"page","link":"https:\/\/hotelgrand.ro\/ro\/trebuie-vizitat\/orasul\/cetatea-medievala\/","title":{"rendered":"Cetatea Medieval\u0103"},"content":{"rendered":"<p><img fetchpriority=\"high\" decoding=\"async\" class=\"size-medium wp-image-5340 alignleft\" src=\"https:\/\/hotelgrand.ro\/wp-content\/uploads\/2017\/01\/Cetate_tg_ms-300x225.jpg\" alt=\"\" width=\"300\" height=\"225\" srcset=\"https:\/\/hotelgrand.ro\/wp-content\/uploads\/2017\/01\/Cetate_tg_ms-300x225.jpg 300w, https:\/\/hotelgrand.ro\/wp-content\/uploads\/2017\/01\/Cetate_tg_ms-768x576.jpg 768w, https:\/\/hotelgrand.ro\/wp-content\/uploads\/2017\/01\/Cetate_tg_ms-1024x768.jpg 1024w, https:\/\/hotelgrand.ro\/wp-content\/uploads\/2017\/01\/Cetate_tg_ms-400x300.jpg 400w, https:\/\/hotelgrand.ro\/wp-content\/uploads\/2017\/01\/Cetate_tg_ms.jpg 2048w\" sizes=\"(max-width: 300px) 100vw, 300px\" \/>Cetatea Medieval\u0103 din T\u00eergu-Mure\u0219 a fost construit\u0103 \u00eentre anii 1602-1652, \u00een locul unei fortifica\u021bii distruse \u00een 1601, \u00een timpul domniei lui Mihai Viteazul, \u00een urma unei invazii conduse de Giorgio Basta.<\/p>\n<p>5 din 7 bastioane ale cet\u0103\u021bii au fost construite de breslele muncitore\u0219ti care au folosit piatr\u0103 de r\u00e2u \u0219i c\u0103r\u0103mid\u0103 ca materiale de construc\u021bie. Bastioanele sunt compuse din 3 sau 4 nivele care comunic\u0103 \u00eentre ele prin sc\u0103ri de lemn.<\/p>\n<p>Biserica Reformat\u0103 \u0219i Cl\u0103direa Manutan\u021bei au fost construite \u00een stilul Rena\u0219terii t\u00e2rzii. \u00cen fiecare an, Cetatea Medieval\u0103 g\u0103zduie\u0219te festivaluri \u0219i spectacole pentru a cinsti s\u0103rb\u0103torile locale.<\/p>\n<div class=\"gdlr-shortcode-wrapper\"><div class=\"gdlr-gallery-item gdlr-item\" ><div class=\"gallery-column four columns\"><div class=\"gallery-item\"><a href=\"https:\/\/hotelgrand.ro\/wp-content\/uploads\/2017\/06\/cetate3.jpg\" data-fancybox-group=\"gdlr-gal-1\" data-rel=\"fancybox\" ><img decoding=\"async\" src=\"https:\/\/hotelgrand.ro\/wp-content\/uploads\/2017\/06\/cetate3-400x300.jpg\" alt=\"\" width=\"400\" height=\"300\" \/><\/a><\/div><\/div><div class=\"gallery-column four columns\"><div class=\"gallery-item\"><a href=\"https:\/\/hotelgrand.ro\/wp-content\/uploads\/2017\/06\/cetate7.jpg\" data-fancybox-group=\"gdlr-gal-1\" data-rel=\"fancybox\" ><img decoding=\"async\" src=\"https:\/\/hotelgrand.ro\/wp-content\/uploads\/2017\/06\/cetate7-400x300.jpg\" alt=\"\" width=\"400\" height=\"300\" \/><\/a><\/div><\/div><div class=\"gallery-column four columns\"><div class=\"gallery-item\"><a href=\"https:\/\/hotelgrand.ro\/wp-content\/uploads\/2017\/06\/cetate6.jpg\" data-fancybox-group=\"gdlr-gal-1\" data-rel=\"fancybox\" ><img loading=\"lazy\" decoding=\"async\" src=\"https:\/\/hotelgrand.ro\/wp-content\/uploads\/2017\/06\/cetate6-400x300.jpg\" alt=\"\" width=\"400\" height=\"300\" \/><\/a><\/div><\/div><div class=\"clear\"><\/div><div class=\"gallery-column four columns\"><div class=\"gallery-item\"><a href=\"https:\/\/hotelgrand.ro\/wp-content\/uploads\/2017\/06\/cetate5.jpg\" data-fancybox-group=\"gdlr-gal-1\" data-rel=\"fancybox\" ><img loading=\"lazy\" decoding=\"async\" src=\"https:\/\/hotelgrand.ro\/wp-content\/uploads\/2017\/06\/cetate5-400x300.jpg\" alt=\"\" width=\"400\" height=\"300\" \/><\/a><\/div><\/div><div class=\"gallery-column four columns\"><div class=\"gallery-item\"><a href=\"https:\/\/hotelgrand.ro\/wp-content\/uploads\/2017\/06\/cetate4.jpg\" data-fancybox-group=\"gdlr-gal-1\" data-rel=\"fancybox\" ><img loading=\"lazy\" decoding=\"async\" src=\"https:\/\/hotelgrand.ro\/wp-content\/uploads\/2017\/06\/cetate4-400x300.jpg\" alt=\"\" width=\"400\" height=\"300\" \/><\/a><\/div><\/div><div class=\"gallery-column four columns\"><div class=\"gallery-item\"><a href=\"https:\/\/hotelgrand.ro\/wp-content\/uploads\/2017\/06\/cetate2.jpg\" data-fancybox-group=\"gdlr-gal-1\" data-rel=\"fancybox\" ><img loading=\"lazy\" decoding=\"async\" src=\"https:\/\/hotelgrand.ro\/wp-content\/uploads\/2017\/06\/cetate2-400x300.jpg\" alt=\"\" width=\"400\" height=\"300\" \/><\/a><\/div><\/div><div class=\"clear\"><\/div><div class=\"gallery-column four columns\"><div class=\"gallery-item\"><a href=\"https:\/\/hotelgrand.ro\/wp-content\/uploads\/2017\/06\/cetate.jpg\" data-fancybox-group=\"gdlr-gal-1\" data-rel=\"fancybox\" ><img loading=\"lazy\" decoding=\"async\" src=\"https:\/\/hotelgrand.ro\/wp-content\/uploads\/2017\/06\/cetate-400x300.jpg\" alt=\"\" width=\"400\" height=\"300\" \/><\/a><\/div><\/div><div class=\"gallery-column four columns\"><div class=\"gallery-item\"><a href=\"https:\/\/hotelgrand.ro\/wp-content\/uploads\/2017\/06\/cetate8.jpg\" data-fancybox-group=\"gdlr-gal-1\" data-rel=\"fancybox\" ><img loading=\"lazy\" decoding=\"async\" src=\"https:\/\/hotelgrand.ro\/wp-content\/uploads\/2017\/06\/cetate8-400x300.jpg\" alt=\"\" width=\"400\" height=\"300\" \/><\/a><\/div><\/div><div class=\"clear\"><\/div><\/div><\/div>\n<p>&nbsp;<\/p>\n","protected":false},"excerpt":{"rendered":"<p>Cetatea Medieval\u0103 din T\u00eergu-Mure\u0219 a fost construit\u0103 \u00eentre anii 1602-1652, \u00een locul unei fortifica\u021bii distruse \u00een 1601, \u00een timpul domniei lui Mihai Viteazul, \u00een urma unei invazii conduse de Giorgio Basta. 5 din 7 bastioane ale cet\u0103\u021bii au fost construite de breslele muncitore\u0219ti care au folosit piatr\u0103 de r\u00e2u \u0219i c\u0103r\u0103mid\u0103 ca materiale de construc\u021bie&#8230;. <\/p>\n<div class=\"clear\"><\/div>\n<p><a href=\"https:\/\/hotelgrand.ro\/ro\/trebuie-vizitat\/orasul\/cetatea-medievala\/\" class=\"excerpt-read-more\">Continue Reading<i class=\"fa fa-long-arrow-right icon-long-arrow-right\"><\/i><\/a><\/p>\n","protected":false},"author":1,"featured_media":5339,"parent":4733,"menu_order":0,"comment_status":"closed","ping_status":"closed","template":"","meta":{"om_disable_all_campaigns":false,"_monsterinsights_skip_tracking":false,"_monsterinsights_sitenote_active":false,"_monsterinsights_sitenote_note":"","_monsterinsights_sitenote_category":0,"footnotes":""},"class_list":["post-4745","page","type-page","status-publish","has-post-thumbnail","hentry","page_category-orasul"],"aioseo_notices":[],"_links":{"self":[{"href":"https:\/\/hotelgrand.ro\/ro\/wp-json\/wp\/v2\/pages\/4745","targetHints":{"allow":["GET"]}}],"collection":[{"href":"https:\/\/hotelgrand.ro\/ro\/wp-json\/wp\/v2\/pages"}],"about":[{"href":"https:\/\/hotelgrand.ro\/ro\/wp-json\/wp\/v2\/types\/page"}],"author":[{"embeddable":true,"href":"https:\/\/hotelgrand.ro\/ro\/wp-json\/wp\/v2\/users\/1"}],"replies":[{"embeddable":true,"href":"https:\/\/hotelgrand.ro\/ro\/wp-json\/wp\/v2\/comments?post=4745"}],"version-history":[{"count":7,"href":"https:\/\/hotelgrand.ro\/ro\/wp-json\/wp\/v2\/pages\/4745\/revisions"}],"predecessor-version":[{"id":5547,"href":"https:\/\/hotelgrand.ro\/ro\/wp-json\/wp\/v2\/pages\/4745\/revisions\/5547"}],"up":[{"embeddable":true,"href":"https:\/\/hotelgrand.ro\/ro\/wp-json\/wp\/v2\/pages\/4733"}],"wp:featuredmedia":[{"embeddable":true,"href":"https:\/\/hotelgrand.ro\/ro\/wp-json\/wp\/v2\/media\/5339"}],"wp:attachment":[{"href":"https:\/\/hotelgrand.ro\/ro\/wp-json\/wp\/v2\/media?parent=4745"}],"curies":[{"name":"wp","href":"https:\/\/api.w.org\/{rel}","templated":true}]}}