{"id":4749,"date":"2017-01-09T14:54:36","date_gmt":"2017-01-09T14:54:36","guid":{"rendered":"http:\/\/hotelgrand.host28.reea.net\/?page_id=4749"},"modified":"2017-06-20T14:40:57","modified_gmt":"2017-06-20T14:40:57","slug":"piata-trandafirilor","status":"publish","type":"page","link":"https:\/\/hotelgrand.ro\/ro\/trebuie-vizitat\/orasul\/piata-trandafirilor\/","title":{"rendered":"Pia\u021ba Trandafirilor"},"content":{"rendered":"<p>Pia\u021ba Trandafirilor\u00a0se afl\u0103 \u00een imediata apropiere a Pie\u021bei Victoriei, unde este localizat hotelul Grand, \u00een centrul ora\u0219ului T\u00eergu-Mure\u0219. Este unul dintre cele mai vizitate obiective turistice. Pia\u021ba Trandafirilor cuprinde numeroase construc\u021bii \u00een stil baroc, neoclasicist \u0219i secesionist: biserici (Biserica Buna Vestire, Biserica \u00cen\u0103l\u021barea Domnului, Biserica Romano-Catolic\u0103 Sf. Ioan Botez\u0103torul), cl\u0103diri (Palatul Apollo,\u00a0Casa G\u0151r\u0151g, Casa Rosenfeld etc.),\u00a0Muzeul de Etnografie \u0219i Art\u0103 Popular\u0103, dar \u0219i statui, precum cea a lui Avram Iancu \u0219i statuia lupoaicei.<\/p>\n<div class=\"gdlr-shortcode-wrapper\"><div class=\"gdlr-gallery-item gdlr-item\" ><div class=\"gallery-column four columns\"><div class=\"gallery-item\"><a href=\"https:\/\/hotelgrand.ro\/wp-content\/uploads\/2017\/06\/trandafirilor1.jpg\" data-fancybox-group=\"gdlr-gal-1\" data-rel=\"fancybox\" ><img fetchpriority=\"high\" decoding=\"async\" src=\"https:\/\/hotelgrand.ro\/wp-content\/uploads\/2017\/06\/trandafirilor1-400x300.jpg\" alt=\"\" width=\"400\" height=\"300\" \/><\/a><\/div><\/div><div class=\"gallery-column four columns\"><div class=\"gallery-item\"><a href=\"https:\/\/hotelgrand.ro\/wp-content\/uploads\/2017\/01\/trandafirilor.jpg\" data-fancybox-group=\"gdlr-gal-1\" data-rel=\"fancybox\" ><img decoding=\"async\" src=\"https:\/\/hotelgrand.ro\/wp-content\/uploads\/2017\/01\/trandafirilor-400x300.jpg\" alt=\"\" width=\"400\" height=\"300\" \/><\/a><span class=\"gallery-caption\">Surs\u0103 foto: Lehel Lokodi<\/span><\/div><\/div><div class=\"gallery-column four columns\"><div class=\"gallery-item\"><a href=\"https:\/\/hotelgrand.ro\/wp-content\/uploads\/2017\/05\/IMG_8973-2.jpg\" data-fancybox-group=\"gdlr-gal-1\" data-rel=\"fancybox\" ><img decoding=\"async\" src=\"https:\/\/hotelgrand.ro\/wp-content\/uploads\/2017\/05\/IMG_8973-2-400x300.jpg\" alt=\"\" width=\"400\" height=\"300\" \/><\/a><\/div><\/div><div class=\"clear\"><\/div><\/div><\/div>\n<p>&nbsp;<\/p>\n","protected":false},"excerpt":{"rendered":"<p>Pia\u021ba Trandafirilor\u00a0se afl\u0103 \u00een imediata apropiere a Pie\u021bei Victoriei, unde este localizat hotelul Grand, \u00een centrul ora\u0219ului T\u00eergu-Mure\u0219. Este unul dintre cele mai vizitate obiective turistice. Pia\u021ba Trandafirilor cuprinde numeroase construc\u021bii \u00een stil baroc, neoclasicist \u0219i secesionist: biserici (Biserica Buna Vestire, Biserica \u00cen\u0103l\u021barea Domnului, Biserica Romano-Catolic\u0103 Sf. Ioan Botez\u0103torul), cl\u0103diri (Palatul Apollo,\u00a0Casa G\u0151r\u0151g, Casa Rosenfeld&#8230; <\/p>\n<div class=\"clear\"><\/div>\n<p><a href=\"https:\/\/hotelgrand.ro\/ro\/trebuie-vizitat\/orasul\/piata-trandafirilor\/\" class=\"excerpt-read-more\">Continue Reading<i class=\"fa fa-long-arrow-right icon-long-arrow-right\"><\/i><\/a><\/p>\n","protected":false},"author":1,"featured_media":5349,"parent":4733,"menu_order":0,"comment_status":"closed","ping_status":"closed","template":"","meta":{"om_disable_all_campaigns":false,"_monsterinsights_skip_tracking":false,"_monsterinsights_sitenote_active":false,"_monsterinsights_sitenote_note":"","_monsterinsights_sitenote_category":0,"footnotes":""},"class_list":["post-4749","page","type-page","status-publish","has-post-thumbnail","hentry","page_category-orasul"],"aioseo_notices":[],"_links":{"self":[{"href":"https:\/\/hotelgrand.ro\/ro\/wp-json\/wp\/v2\/pages\/4749","targetHints":{"allow":["GET"]}}],"collection":[{"href":"https:\/\/hotelgrand.ro\/ro\/wp-json\/wp\/v2\/pages"}],"about":[{"href":"https:\/\/hotelgrand.ro\/ro\/wp-json\/wp\/v2\/types\/page"}],"author":[{"embeddable":true,"href":"https:\/\/hotelgrand.ro\/ro\/wp-json\/wp\/v2\/users\/1"}],"replies":[{"embeddable":true,"href":"https:\/\/hotelgrand.ro\/ro\/wp-json\/wp\/v2\/comments?post=4749"}],"version-history":[{"count":9,"href":"https:\/\/hotelgrand.ro\/ro\/wp-json\/wp\/v2\/pages\/4749\/revisions"}],"predecessor-version":[{"id":5553,"href":"https:\/\/hotelgrand.ro\/ro\/wp-json\/wp\/v2\/pages\/4749\/revisions\/5553"}],"up":[{"embeddable":true,"href":"https:\/\/hotelgrand.ro\/ro\/wp-json\/wp\/v2\/pages\/4733"}],"wp:featuredmedia":[{"embeddable":true,"href":"https:\/\/hotelgrand.ro\/ro\/wp-json\/wp\/v2\/media\/5349"}],"wp:attachment":[{"href":"https:\/\/hotelgrand.ro\/ro\/wp-json\/wp\/v2\/media?parent=4749"}],"curies":[{"name":"wp","href":"https:\/\/api.w.org\/{rel}","templated":true}]}}