{"id":4751,"date":"2017-01-09T14:54:50","date_gmt":"2017-01-09T14:54:50","guid":{"rendered":"http:\/\/hotelgrand.host28.reea.net\/?page_id=4751"},"modified":"2017-06-20T14:46:49","modified_gmt":"2017-06-20T14:46:49","slug":"bulevardul","status":"publish","type":"page","link":"https:\/\/hotelgrand.ro\/ro\/trebuie-vizitat\/orasul\/bulevardul\/","title":{"rendered":"Bulevardul Cet\u0103\u021bii"},"content":{"rendered":"<div id=\"attachment_5343\" style=\"width: 310px\" class=\"wp-caption alignleft\"><a href=\"https:\/\/hotelgrand.ro\/wp-content\/uploads\/2017\/01\/13582169_1753675204916826_6123936998063034381_o.jpg\"><img fetchpriority=\"high\" decoding=\"async\" aria-describedby=\"caption-attachment-5343\" class=\"wp-image-5343 size-medium\" src=\"https:\/\/hotelgrand.ro\/wp-content\/uploads\/2017\/01\/13582169_1753675204916826_6123936998063034381_o-300x211.jpg\" alt=\"\" width=\"300\" height=\"211\" srcset=\"https:\/\/hotelgrand.ro\/wp-content\/uploads\/2017\/01\/13582169_1753675204916826_6123936998063034381_o-300x211.jpg 300w, https:\/\/hotelgrand.ro\/wp-content\/uploads\/2017\/01\/13582169_1753675204916826_6123936998063034381_o-768x540.jpg 768w, https:\/\/hotelgrand.ro\/wp-content\/uploads\/2017\/01\/13582169_1753675204916826_6123936998063034381_o-1024x720.jpg 1024w, https:\/\/hotelgrand.ro\/wp-content\/uploads\/2017\/01\/13582169_1753675204916826_6123936998063034381_o.jpg 2048w\" sizes=\"(max-width: 300px) 100vw, 300px\" \/><\/a><p id=\"caption-attachment-5343\" class=\"wp-caption-text\">Surs\u0103 foto: \u00c1rp\u00e1d Plugor<\/p><\/div>\n<p>A fost numit chiar cel mai romantic bulevard al Europei de unii turi\u0219ti bloggeri care au apucat s\u0103 se plimbe pe \u201ec\u0103rarea\u201d lung\u0103 \u00eemprejmuit\u0103 de copaci \u0219i s\u0103 se bucure de o lectur\u0103 bun\u0103 \u00een lini\u0219te. Dac\u0103 v\u0103 caza\u021bi \u00een hotelul nostru, v\u0103 recomand\u0103m s\u0103 face\u021bi o plimbare pe Bulevardul Cet\u0103\u021bii. Ar fi p\u0103cat s\u0103 trece\u021bi prin T\u00eergu-Mure\u0219 \u0219i s\u0103 nu v\u0103 bucura\u021bi de imaginea pe care v-o ofer\u0103.<\/p>\n<p>&nbsp;<\/p>\n","protected":false},"excerpt":{"rendered":"<p>A fost numit chiar cel mai romantic bulevard al Europei de unii turi\u0219ti bloggeri care au apucat s\u0103 se plimbe pe \u201ec\u0103rarea\u201d lung\u0103 \u00eemprejmuit\u0103 de copaci \u0219i s\u0103 se bucure de o lectur\u0103 bun\u0103 \u00een lini\u0219te. Dac\u0103 v\u0103 caza\u021bi \u00een hotelul nostru, v\u0103 recomand\u0103m s\u0103 face\u021bi o plimbare pe Bulevardul Cet\u0103\u021bii. Ar fi p\u0103cat s\u0103&#8230; <\/p>\n<div class=\"clear\"><\/div>\n<p><a href=\"https:\/\/hotelgrand.ro\/ro\/trebuie-vizitat\/orasul\/bulevardul\/\" class=\"excerpt-read-more\">Continue Reading<i class=\"fa fa-long-arrow-right icon-long-arrow-right\"><\/i><\/a><\/p>\n","protected":false},"author":1,"featured_media":5342,"parent":4733,"menu_order":0,"comment_status":"closed","ping_status":"closed","template":"","meta":{"om_disable_all_campaigns":false,"_monsterinsights_skip_tracking":false,"_monsterinsights_sitenote_active":false,"_monsterinsights_sitenote_note":"","_monsterinsights_sitenote_category":0,"footnotes":""},"class_list":["post-4751","page","type-page","status-publish","has-post-thumbnail","hentry","page_category-orasul"],"aioseo_notices":[],"_links":{"self":[{"href":"https:\/\/hotelgrand.ro\/ro\/wp-json\/wp\/v2\/pages\/4751","targetHints":{"allow":["GET"]}}],"collection":[{"href":"https:\/\/hotelgrand.ro\/ro\/wp-json\/wp\/v2\/pages"}],"about":[{"href":"https:\/\/hotelgrand.ro\/ro\/wp-json\/wp\/v2\/types\/page"}],"author":[{"embeddable":true,"href":"https:\/\/hotelgrand.ro\/ro\/wp-json\/wp\/v2\/users\/1"}],"replies":[{"embeddable":true,"href":"https:\/\/hotelgrand.ro\/ro\/wp-json\/wp\/v2\/comments?post=4751"}],"version-history":[{"count":8,"href":"https:\/\/hotelgrand.ro\/ro\/wp-json\/wp\/v2\/pages\/4751\/revisions"}],"predecessor-version":[{"id":5555,"href":"https:\/\/hotelgrand.ro\/ro\/wp-json\/wp\/v2\/pages\/4751\/revisions\/5555"}],"up":[{"embeddable":true,"href":"https:\/\/hotelgrand.ro\/ro\/wp-json\/wp\/v2\/pages\/4733"}],"wp:featuredmedia":[{"embeddable":true,"href":"https:\/\/hotelgrand.ro\/ro\/wp-json\/wp\/v2\/media\/5342"}],"wp:attachment":[{"href":"https:\/\/hotelgrand.ro\/ro\/wp-json\/wp\/v2\/media?parent=4751"}],"curies":[{"name":"wp","href":"https:\/\/api.w.org\/{rel}","templated":true}]}}