{"id":4755,"date":"2017-01-09T15:03:42","date_gmt":"2017-01-09T15:03:42","guid":{"rendered":"http:\/\/hotelgrand.host28.reea.net\/?page_id=4755"},"modified":"2017-06-07T10:17:17","modified_gmt":"2017-06-07T10:17:17","slug":"fabrica-de-instrumente-muzicale-reghin","status":"publish","type":"page","link":"https:\/\/hotelgrand.ro\/ro\/trebuie-vizitat\/judetul\/fabrica-de-instrumente-muzicale-reghin\/","title":{"rendered":"Fabrica de instrumente muzicale din Reghin"},"content":{"rendered":"<p><a href=\"https:\/\/hotelgrand.ro\/wp-content\/uploads\/2017\/01\/Fotolia_118226130_Subscription_Monthly_M.jpg\"><img fetchpriority=\"high\" decoding=\"async\" class=\"alignleft wp-image-5356 size-medium\" src=\"https:\/\/hotelgrand.ro\/wp-content\/uploads\/2017\/01\/Fotolia_118226130_Subscription_Monthly_M-300x196.jpg\" alt=\"\" width=\"300\" height=\"196\" srcset=\"https:\/\/hotelgrand.ro\/wp-content\/uploads\/2017\/01\/Fotolia_118226130_Subscription_Monthly_M-300x196.jpg 300w, https:\/\/hotelgrand.ro\/wp-content\/uploads\/2017\/01\/Fotolia_118226130_Subscription_Monthly_M-768x503.jpg 768w, https:\/\/hotelgrand.ro\/wp-content\/uploads\/2017\/01\/Fotolia_118226130_Subscription_Monthly_M-1024x670.jpg 1024w, https:\/\/hotelgrand.ro\/wp-content\/uploads\/2017\/01\/Fotolia_118226130_Subscription_Monthly_M.jpg 1703w\" sizes=\"(max-width: 300px) 100vw, 300px\" \/><\/a>Fabrica Hora din Reghin \u0219i-a \u00eenceput activitatea\u00a0\u00een 1951. \u00cen prezent\u00a0produce viori, viole, violoncei, contraba\u0219i, chitare \u0219i alte instrumente, precum \u0219i accesoriile necesare acestora. 32 de ora\u0219e din \u021bar\u0103 distribuie instrumentele realizate la Reghin. Filozofia fabricii a r\u0103mas neschimbat\u0103 \u00eenc\u0103 de la \u00eenceputuri: s\u0103 furnizeze instrumente de calitate superioar\u0103 la pre\u021buri competitive \u0219i s\u0103 le ofere clien\u021bilor ceea ce \u00eensu\u0219i ini\u021biatorii \u0219i-ar dori s\u0103 primeasc\u0103 dac\u0103 ar fi \u00een locul lor.<\/p>\n","protected":false},"excerpt":{"rendered":"<p>Fabrica Hora din Reghin \u0219i-a \u00eenceput activitatea\u00a0\u00een 1951. \u00cen prezent\u00a0produce viori, viole, violoncei, contraba\u0219i, chitare \u0219i alte instrumente, precum \u0219i accesoriile necesare acestora. 32 de ora\u0219e din \u021bar\u0103 distribuie instrumentele realizate la Reghin. Filozofia fabricii a r\u0103mas neschimbat\u0103 \u00eenc\u0103 de la \u00eenceputuri: s\u0103 furnizeze instrumente de calitate superioar\u0103 la pre\u021buri competitive \u0219i s\u0103 le ofere&#8230; <\/p>\n<div class=\"clear\"><\/div>\n<p><a href=\"https:\/\/hotelgrand.ro\/ro\/trebuie-vizitat\/judetul\/fabrica-de-instrumente-muzicale-reghin\/\" class=\"excerpt-read-more\">Continue Reading<i class=\"fa fa-long-arrow-right icon-long-arrow-right\"><\/i><\/a><\/p>\n","protected":false},"author":1,"featured_media":5356,"parent":4753,"menu_order":0,"comment_status":"closed","ping_status":"closed","template":"","meta":{"om_disable_all_campaigns":false,"_monsterinsights_skip_tracking":false,"_monsterinsights_sitenote_active":false,"_monsterinsights_sitenote_note":"","_monsterinsights_sitenote_category":0,"footnotes":""},"class_list":["post-4755","page","type-page","status-publish","has-post-thumbnail","hentry","page_category-judetul"],"aioseo_notices":[],"_links":{"self":[{"href":"https:\/\/hotelgrand.ro\/ro\/wp-json\/wp\/v2\/pages\/4755","targetHints":{"allow":["GET"]}}],"collection":[{"href":"https:\/\/hotelgrand.ro\/ro\/wp-json\/wp\/v2\/pages"}],"about":[{"href":"https:\/\/hotelgrand.ro\/ro\/wp-json\/wp\/v2\/types\/page"}],"author":[{"embeddable":true,"href":"https:\/\/hotelgrand.ro\/ro\/wp-json\/wp\/v2\/users\/1"}],"replies":[{"embeddable":true,"href":"https:\/\/hotelgrand.ro\/ro\/wp-json\/wp\/v2\/comments?post=4755"}],"version-history":[{"count":5,"href":"https:\/\/hotelgrand.ro\/ro\/wp-json\/wp\/v2\/pages\/4755\/revisions"}],"predecessor-version":[{"id":5357,"href":"https:\/\/hotelgrand.ro\/ro\/wp-json\/wp\/v2\/pages\/4755\/revisions\/5357"}],"up":[{"embeddable":true,"href":"https:\/\/hotelgrand.ro\/ro\/wp-json\/wp\/v2\/pages\/4753"}],"wp:featuredmedia":[{"embeddable":true,"href":"https:\/\/hotelgrand.ro\/ro\/wp-json\/wp\/v2\/media\/5356"}],"wp:attachment":[{"href":"https:\/\/hotelgrand.ro\/ro\/wp-json\/wp\/v2\/media?parent=4755"}],"curies":[{"name":"wp","href":"https:\/\/api.w.org\/{rel}","templated":true}]}}