{"id":4757,"date":"2017-01-09T15:04:11","date_gmt":"2017-01-09T15:04:11","guid":{"rendered":"http:\/\/hotelgrand.host28.reea.net\/?page_id=4757"},"modified":"2017-06-13T12:11:24","modified_gmt":"2017-06-13T12:11:24","slug":"castelul-regal-de-vanatoare-de-la-lapusna","status":"publish","type":"page","link":"https:\/\/hotelgrand.ro\/ro\/trebuie-vizitat\/judetul\/castelul-regal-de-vanatoare-de-la-lapusna\/","title":{"rendered":"Castelul regal de v\u00e2n\u0103toare de la L\u0103pu\u0219na"},"content":{"rendered":"<p>Castelul regal de v\u00e2n\u0103toare este situat \u00een Mun\u021bii Gurghiului, \u00een comuna Ib\u0103ne\u0219ti, satul L\u0103pu\u0219na, la o altitudine de 815 m \u0219i la o distan\u021b\u0103 de 74 de km de T\u00eergu-Mure\u0219. A fost construit \u00eentre 1925-1926 \u0219i finalizat \u00een 1933, apar\u021bin\u00e2nd p\u00e2n\u0103 \u00een 1947 familiei regale.<\/p>\n<p>Pasiunea pentru v\u00e2n\u0103toare, sport nobil \u00een timpul monarhiei, l-a impulsionat pe regele Ferdinand s\u0103 construiasc\u0103 nobilul conac, care a r\u0103mas mo\u0219tenire regilor Carol al II-lea \u0219i Mihai I. Dup\u0103 venirea la putere a Ceau\u0219e\u0219tilor, s-a pus sechestru pe domeniu cu scopul de a recupera pagubele aduse \u00een timpul domniei lui Carol al II-lea. \u00cen timpul regimului comunist, cl\u0103direa a devenit loc de \u00eent\u00e2lnire a marilor lideri. Mai t\u00e2rziu, societatea noastr\u0103 a privatizat castelul, pe care l-am restaurat \u0219i pe care \u00een prezent \u00eel \u00eentre\u021binem p\u00e2n\u0103 la cele mai mici detalii.<\/p>\n<p>Arhitectura castelului se aseam\u0103n\u0103 cu cea a castelului Pele\u0219 din Sinaia, toate elementele decorative din interior fiind f\u0103cute manual, la comand\u0103. Decora\u021biunile au fost conservate \u0219i \u00eengrijite cu aten\u021bie pentru a completa \u0219i p\u0103stra stilul care define\u0219te perioada domniei monarhilor Rom\u00e2niei.<\/p>\n<p>\u00cen prezent, od\u0103ile care au apar\u021binut pe vremuri regilor, reginelor, nobililor \u0219i politicienilor de seam\u0103 sunt oferite spre cazare turi\u0219tilor. \u00a0Castelul dispune de 40 de locuri de cazare, din care 16 sunt repartizate \u00een 8 camere cu pat dublu \u0219i baie proprie, clasificate la 3***, iar celelalte 24 de locuri sunt repartizate \u00een 13 camere de 2**. De asemenea, v\u0103 a\u0219teapt\u0103 o sal\u0103 de jocuri, unde ave\u021bi onoarea s\u0103 \u00eencerca\u021bi masa de biliard \u0219i cele dou\u0103 mese de \u0219ah la care \u0219efii de stat s-au delectat.<\/p>\n<p>Ave\u021bi posibilitatea de a organiza \u0219i diverse evenimente: nun\u021bi, botezuri, anivers\u0103ri, s\u0103rb\u0103tori pascale, Cr\u0103ciun, revelion, teambuildinguri sau tabere de crea\u021bie.<\/p>\n<p>Castelul de la L\u0103pu\u0219na este un loc ideal pentru cei care \u00eendr\u0103gesc drume\u021biile \u00een mijlocul naturii \u0219i pentru cei care sunt pasiona\u021bi de v\u00e2n\u0103toare sau de pescuit \u00een r\u00e2u de munte.<\/p>\n<div class=\"gdlr-shortcode-wrapper\"><div class=\"gdlr-gallery-item gdlr-item\" ><div class=\"gallery-column four columns\"><div class=\"gallery-item\"><a href=\"https:\/\/hotelgrand.ro\/wp-content\/uploads\/2017\/01\/AK6A5913-2.jpg\" data-fancybox-group=\"gdlr-gal-1\" data-rel=\"fancybox\" ><img fetchpriority=\"high\" decoding=\"async\" src=\"https:\/\/hotelgrand.ro\/wp-content\/uploads\/2017\/01\/AK6A5913-2-400x300.jpg\" alt=\"\" width=\"400\" height=\"300\" \/><\/a><\/div><\/div><div class=\"gallery-column four columns\"><div class=\"gallery-item\"><a href=\"https:\/\/hotelgrand.ro\/wp-content\/uploads\/2017\/01\/AK6A5812-2.jpg\" data-fancybox-group=\"gdlr-gal-1\" data-rel=\"fancybox\" ><img decoding=\"async\" src=\"https:\/\/hotelgrand.ro\/wp-content\/uploads\/2017\/01\/AK6A5812-2-400x300.jpg\" alt=\"\" width=\"400\" height=\"300\" \/><\/a><\/div><\/div><div class=\"gallery-column four columns\"><div class=\"gallery-item\"><a href=\"https:\/\/hotelgrand.ro\/wp-content\/uploads\/2017\/01\/WhatsApp-Image-2017-06-13-at-10.01.13.jpeg\" data-fancybox-group=\"gdlr-gal-1\" data-rel=\"fancybox\" ><img decoding=\"async\" src=\"https:\/\/hotelgrand.ro\/wp-content\/uploads\/2017\/01\/WhatsApp-Image-2017-06-13-at-10.01.13-400x300.jpeg\" alt=\"\" width=\"400\" height=\"300\" \/><\/a><\/div><\/div><div class=\"clear\"><\/div><div class=\"gallery-column four columns\"><div class=\"gallery-item\"><a href=\"https:\/\/hotelgrand.ro\/wp-content\/uploads\/2017\/01\/Lapusna1-2.jpg\" data-fancybox-group=\"gdlr-gal-1\" data-rel=\"fancybox\" ><img loading=\"lazy\" decoding=\"async\" src=\"https:\/\/hotelgrand.ro\/wp-content\/uploads\/2017\/01\/Lapusna1-2-400x300.jpg\" alt=\"\" width=\"400\" height=\"300\" \/><\/a><\/div><\/div><div class=\"gallery-column four columns\"><div class=\"gallery-item\"><a href=\"https:\/\/hotelgrand.ro\/wp-content\/uploads\/2017\/01\/AK6A6040-2.jpg\" data-fancybox-group=\"gdlr-gal-1\" data-rel=\"fancybox\" ><img loading=\"lazy\" decoding=\"async\" src=\"https:\/\/hotelgrand.ro\/wp-content\/uploads\/2017\/01\/AK6A6040-2-400x300.jpg\" alt=\"\" width=\"400\" height=\"300\" \/><\/a><\/div><\/div><div class=\"gallery-column four columns\"><div class=\"gallery-item\"><a href=\"https:\/\/hotelgrand.ro\/wp-content\/uploads\/2017\/01\/AK6A6036-2.jpg\" data-fancybox-group=\"gdlr-gal-1\" data-rel=\"fancybox\" ><img loading=\"lazy\" decoding=\"async\" src=\"https:\/\/hotelgrand.ro\/wp-content\/uploads\/2017\/01\/AK6A6036-2-400x300.jpg\" alt=\"\" width=\"400\" height=\"300\" \/><\/a><\/div><\/div><div class=\"clear\"><\/div><div class=\"gallery-column four columns\"><div class=\"gallery-item\"><a href=\"https:\/\/hotelgrand.ro\/wp-content\/uploads\/2017\/01\/AK6A6034-2.jpg\" data-fancybox-group=\"gdlr-gal-1\" data-rel=\"fancybox\" ><img loading=\"lazy\" decoding=\"async\" src=\"https:\/\/hotelgrand.ro\/wp-content\/uploads\/2017\/01\/AK6A6034-2-400x300.jpg\" alt=\"\" width=\"400\" height=\"300\" \/><\/a><\/div><\/div><div class=\"gallery-column four columns\"><div class=\"gallery-item\"><a href=\"https:\/\/hotelgrand.ro\/wp-content\/uploads\/2017\/01\/AK6A6029-2.jpg\" data-fancybox-group=\"gdlr-gal-1\" data-rel=\"fancybox\" ><img loading=\"lazy\" decoding=\"async\" src=\"https:\/\/hotelgrand.ro\/wp-content\/uploads\/2017\/01\/AK6A6029-2-400x300.jpg\" alt=\"\" width=\"400\" height=\"300\" \/><\/a><\/div><\/div><div class=\"gallery-column four columns\"><div class=\"gallery-item\"><a href=\"https:\/\/hotelgrand.ro\/wp-content\/uploads\/2017\/01\/Lapusna-2.jpg\" data-fancybox-group=\"gdlr-gal-1\" data-rel=\"fancybox\" ><img loading=\"lazy\" decoding=\"async\" src=\"https:\/\/hotelgrand.ro\/wp-content\/uploads\/2017\/01\/Lapusna-2-400x300.jpg\" alt=\"\" width=\"400\" height=\"300\" \/><\/a><\/div><\/div><div class=\"clear\"><\/div><div class=\"gallery-column four columns\"><div class=\"gallery-item\"><a href=\"https:\/\/hotelgrand.ro\/wp-content\/uploads\/2017\/01\/AK6A6003-2.jpg\" data-fancybox-group=\"gdlr-gal-1\" data-rel=\"fancybox\" ><img loading=\"lazy\" decoding=\"async\" src=\"https:\/\/hotelgrand.ro\/wp-content\/uploads\/2017\/01\/AK6A6003-2-400x300.jpg\" alt=\"\" width=\"400\" height=\"300\" \/><\/a><\/div><\/div><div class=\"gallery-column four columns\"><div class=\"gallery-item\"><a href=\"https:\/\/hotelgrand.ro\/wp-content\/uploads\/2017\/01\/DJI_0028-2.jpg\" data-fancybox-group=\"gdlr-gal-1\" data-rel=\"fancybox\" ><img loading=\"lazy\" decoding=\"async\" src=\"https:\/\/hotelgrand.ro\/wp-content\/uploads\/2017\/01\/DJI_0028-2-400x300.jpg\" alt=\"\" width=\"400\" height=\"300\" \/><\/a><\/div><\/div><div class=\"gallery-column four columns\"><div class=\"gallery-item\"><a href=\"https:\/\/hotelgrand.ro\/wp-content\/uploads\/2017\/01\/AK6A6002-2.jpg\" data-fancybox-group=\"gdlr-gal-1\" data-rel=\"fancybox\" ><img loading=\"lazy\" decoding=\"async\" src=\"https:\/\/hotelgrand.ro\/wp-content\/uploads\/2017\/01\/AK6A6002-2-400x300.jpg\" alt=\"\" width=\"400\" height=\"300\" \/><\/a><\/div><\/div><div class=\"clear\"><\/div><div class=\"gallery-column four columns\"><div class=\"gallery-item\"><a href=\"https:\/\/hotelgrand.ro\/wp-content\/uploads\/2017\/01\/DJI_0018-2.jpg\" data-fancybox-group=\"gdlr-gal-1\" data-rel=\"fancybox\" ><img loading=\"lazy\" decoding=\"async\" src=\"https:\/\/hotelgrand.ro\/wp-content\/uploads\/2017\/01\/DJI_0018-2-400x300.jpg\" alt=\"\" width=\"400\" height=\"300\" \/><\/a><\/div><\/div><div class=\"gallery-column four columns\"><div class=\"gallery-item\"><a href=\"https:\/\/hotelgrand.ro\/wp-content\/uploads\/2017\/01\/DJI_0025-2.jpg\" data-fancybox-group=\"gdlr-gal-1\" data-rel=\"fancybox\" ><img loading=\"lazy\" decoding=\"async\" src=\"https:\/\/hotelgrand.ro\/wp-content\/uploads\/2017\/01\/DJI_0025-2-400x300.jpg\" alt=\"\" width=\"400\" height=\"300\" \/><\/a><\/div><\/div><div class=\"gallery-column four columns\"><div class=\"gallery-item\"><a href=\"https:\/\/hotelgrand.ro\/wp-content\/uploads\/2017\/01\/AK6A6000-2.jpg\" data-fancybox-group=\"gdlr-gal-1\" data-rel=\"fancybox\" ><img loading=\"lazy\" decoding=\"async\" src=\"https:\/\/hotelgrand.ro\/wp-content\/uploads\/2017\/01\/AK6A6000-2-400x300.jpg\" alt=\"\" width=\"400\" height=\"300\" \/><\/a><\/div><\/div><div class=\"clear\"><\/div><div class=\"gallery-column four columns\"><div class=\"gallery-item\"><a href=\"https:\/\/hotelgrand.ro\/wp-content\/uploads\/2017\/01\/AK6A5996-2.jpg\" data-fancybox-group=\"gdlr-gal-1\" data-rel=\"fancybox\" ><img loading=\"lazy\" decoding=\"async\" src=\"https:\/\/hotelgrand.ro\/wp-content\/uploads\/2017\/01\/AK6A5996-2-400x300.jpg\" alt=\"\" width=\"400\" height=\"300\" \/><\/a><\/div><\/div><div class=\"gallery-column four columns\"><div class=\"gallery-item\"><a href=\"https:\/\/hotelgrand.ro\/wp-content\/uploads\/2017\/01\/AK6A5990-2.jpg\" data-fancybox-group=\"gdlr-gal-1\" data-rel=\"fancybox\" ><img loading=\"lazy\" decoding=\"async\" src=\"https:\/\/hotelgrand.ro\/wp-content\/uploads\/2017\/01\/AK6A5990-2-400x300.jpg\" alt=\"\" width=\"400\" height=\"300\" \/><\/a><\/div><\/div><div class=\"gallery-column four columns\"><div class=\"gallery-item\"><a href=\"https:\/\/hotelgrand.ro\/wp-content\/uploads\/2017\/01\/AK6A5988-2.jpg\" data-fancybox-group=\"gdlr-gal-1\" data-rel=\"fancybox\" ><img loading=\"lazy\" decoding=\"async\" src=\"https:\/\/hotelgrand.ro\/wp-content\/uploads\/2017\/01\/AK6A5988-2-400x300.jpg\" alt=\"\" width=\"400\" height=\"300\" \/><\/a><\/div><\/div><div class=\"clear\"><\/div><div class=\"gallery-column four columns\"><div class=\"gallery-item\"><a href=\"https:\/\/hotelgrand.ro\/wp-content\/uploads\/2017\/01\/AK6A5955-2.jpg\" data-fancybox-group=\"gdlr-gal-1\" data-rel=\"fancybox\" ><img loading=\"lazy\" decoding=\"async\" src=\"https:\/\/hotelgrand.ro\/wp-content\/uploads\/2017\/01\/AK6A5955-2-400x300.jpg\" alt=\"\" width=\"400\" height=\"300\" \/><\/a><\/div><\/div><div class=\"gallery-column four columns\"><div class=\"gallery-item\"><a href=\"https:\/\/hotelgrand.ro\/wp-content\/uploads\/2017\/01\/AK6A5917-2.jpg\" data-fancybox-group=\"gdlr-gal-1\" data-rel=\"fancybox\" ><img loading=\"lazy\" decoding=\"async\" src=\"https:\/\/hotelgrand.ro\/wp-content\/uploads\/2017\/01\/AK6A5917-2-400x300.jpg\" alt=\"\" width=\"400\" height=\"300\" \/><\/a><\/div><\/div><div class=\"gallery-column four columns\"><div class=\"gallery-item\"><a href=\"https:\/\/hotelgrand.ro\/wp-content\/uploads\/2017\/01\/Lapusna-Drona-2-2.jpg\" data-fancybox-group=\"gdlr-gal-1\" data-rel=\"fancybox\" ><img loading=\"lazy\" decoding=\"async\" src=\"https:\/\/hotelgrand.ro\/wp-content\/uploads\/2017\/01\/Lapusna-Drona-2-2-400x300.jpg\" alt=\"\" width=\"400\" height=\"300\" \/><\/a><\/div><\/div><div class=\"clear\"><\/div><div class=\"gallery-column four columns\"><div class=\"gallery-item\"><a href=\"https:\/\/hotelgrand.ro\/wp-content\/uploads\/2017\/01\/DJI_0008-2.jpg\" data-fancybox-group=\"gdlr-gal-1\" data-rel=\"fancybox\" ><img loading=\"lazy\" decoding=\"async\" src=\"https:\/\/hotelgrand.ro\/wp-content\/uploads\/2017\/01\/DJI_0008-2-400x300.jpg\" alt=\"\" width=\"400\" height=\"300\" \/><\/a><\/div><\/div><div class=\"gallery-column four columns\"><div class=\"gallery-item\"><a href=\"https:\/\/hotelgrand.ro\/wp-content\/uploads\/2017\/01\/DJI_0011-2.jpg\" data-fancybox-group=\"gdlr-gal-1\" data-rel=\"fancybox\" ><img loading=\"lazy\" decoding=\"async\" src=\"https:\/\/hotelgrand.ro\/wp-content\/uploads\/2017\/01\/DJI_0011-2-400x300.jpg\" alt=\"\" width=\"400\" height=\"300\" \/><\/a><\/div><\/div><div class=\"clear\"><\/div><\/div><\/div>\n","protected":false},"excerpt":{"rendered":"<p>Castelul regal de v\u00e2n\u0103toare este situat \u00een Mun\u021bii Gurghiului, \u00een comuna Ib\u0103ne\u0219ti, satul L\u0103pu\u0219na, la o altitudine de 815 m \u0219i la o distan\u021b\u0103 de 74 de km de T\u00eergu-Mure\u0219. A fost construit \u00eentre 1925-1926 \u0219i finalizat \u00een 1933, apar\u021bin\u00e2nd p\u00e2n\u0103 \u00een 1947 familiei regale. Pasiunea pentru v\u00e2n\u0103toare, sport nobil \u00een timpul monarhiei, l-a impulsionat&#8230; <\/p>\n<div class=\"clear\"><\/div>\n<p><a href=\"https:\/\/hotelgrand.ro\/ro\/trebuie-vizitat\/judetul\/castelul-regal-de-vanatoare-de-la-lapusna\/\" class=\"excerpt-read-more\">Continue Reading<i class=\"fa fa-long-arrow-right icon-long-arrow-right\"><\/i><\/a><\/p>\n","protected":false},"author":1,"featured_media":5235,"parent":4753,"menu_order":0,"comment_status":"closed","ping_status":"closed","template":"","meta":{"om_disable_all_campaigns":false,"_monsterinsights_skip_tracking":false,"_monsterinsights_sitenote_active":false,"_monsterinsights_sitenote_note":"","_monsterinsights_sitenote_category":0,"footnotes":""},"class_list":["post-4757","page","type-page","status-publish","has-post-thumbnail","hentry","page_category-judetul"],"aioseo_notices":[],"_links":{"self":[{"href":"https:\/\/hotelgrand.ro\/ro\/wp-json\/wp\/v2\/pages\/4757","targetHints":{"allow":["GET"]}}],"collection":[{"href":"https:\/\/hotelgrand.ro\/ro\/wp-json\/wp\/v2\/pages"}],"about":[{"href":"https:\/\/hotelgrand.ro\/ro\/wp-json\/wp\/v2\/types\/page"}],"author":[{"embeddable":true,"href":"https:\/\/hotelgrand.ro\/ro\/wp-json\/wp\/v2\/users\/1"}],"replies":[{"embeddable":true,"href":"https:\/\/hotelgrand.ro\/ro\/wp-json\/wp\/v2\/comments?post=4757"}],"version-history":[{"count":10,"href":"https:\/\/hotelgrand.ro\/ro\/wp-json\/wp\/v2\/pages\/4757\/revisions"}],"predecessor-version":[{"id":5503,"href":"https:\/\/hotelgrand.ro\/ro\/wp-json\/wp\/v2\/pages\/4757\/revisions\/5503"}],"up":[{"embeddable":true,"href":"https:\/\/hotelgrand.ro\/ro\/wp-json\/wp\/v2\/pages\/4753"}],"wp:featuredmedia":[{"embeddable":true,"href":"https:\/\/hotelgrand.ro\/ro\/wp-json\/wp\/v2\/media\/5235"}],"wp:attachment":[{"href":"https:\/\/hotelgrand.ro\/ro\/wp-json\/wp\/v2\/media?parent=4757"}],"curies":[{"name":"wp","href":"https:\/\/api.w.org\/{rel}","templated":true}]}}