{"id":4759,"date":"2017-01-09T15:05:05","date_gmt":"2017-01-09T15:05:05","guid":{"rendered":"http:\/\/hotelgrand.host28.reea.net\/?page_id=4759"},"modified":"2017-06-07T10:13:43","modified_gmt":"2017-06-07T10:13:43","slug":"lacul-ursu-sovata","status":"publish","type":"page","link":"https:\/\/hotelgrand.ro\/ro\/trebuie-vizitat\/judetul\/lacul-ursu-sovata\/","title":{"rendered":"Lacul Ursu din Sovata"},"content":{"rendered":"<p><a href=\"https:\/\/hotelgrand.ro\/wp-content\/uploads\/2017\/01\/Medve-t\u00f3_l\u00e9gi.jpg\"><img fetchpriority=\"high\" decoding=\"async\" class=\"alignleft wp-image-5354 size-medium\" src=\"https:\/\/hotelgrand.ro\/wp-content\/uploads\/2017\/01\/Medve-t\u00f3_l\u00e9gi-300x225.jpg\" alt=\"\" width=\"300\" height=\"225\" srcset=\"https:\/\/hotelgrand.ro\/wp-content\/uploads\/2017\/01\/Medve-t\u00f3_l\u00e9gi-300x225.jpg 300w, https:\/\/hotelgrand.ro\/wp-content\/uploads\/2017\/01\/Medve-t\u00f3_l\u00e9gi-768x576.jpg 768w, https:\/\/hotelgrand.ro\/wp-content\/uploads\/2017\/01\/Medve-t\u00f3_l\u00e9gi-1024x768.jpg 1024w, https:\/\/hotelgrand.ro\/wp-content\/uploads\/2017\/01\/Medve-t\u00f3_l\u00e9gi-400x300.jpg 400w, https:\/\/hotelgrand.ro\/wp-content\/uploads\/2017\/01\/Medve-t\u00f3_l\u00e9gi.jpg 1600w\" sizes=\"(max-width: 300px) 100vw, 300px\" \/><\/a>Lacul Ursu din Sovata este\u00a0cel mai mare lac s\u0103rat \u0219i helioterm din Europa. Monumentul unic al naturii are o suprafa\u021b\u0103 de\u00a040.235 metri p\u0103tra\u021bi, circumferin\u021ba de 1.180 metri \u0219i ad\u00e2ncimea de 18 metri. Aria pe care se g\u0103se\u0219te lacul Ursu este definit\u0103 ca rezerva\u021bie natural\u0103 de interes na\u021bional.<\/p>\n<p>Lacul a fost format \u00een urma unor evenimente geologice, meteorologice \u0219i hidrologice complexe, care au avut loc \u00een perioada 1875-1880. Masivul de sare a fost dizolvat treptat de apele p\u00e2raielor Auriu \u0219i Cri\u0219-Topli\u021ba, dup\u0103 care s-a produs o surpare de teren care a condus la crearea lacului Ursu. Numele provine de la forma acestuia, care seam\u0103n\u0103 cu o piele \u00eentins\u0103 de urs.<\/p>\n<p>B\u0103ile \u00een acest lac sunt recomandate pentru tratarea afec\u021biunilor reumatice, endocrinologice \u0219i cardiovasculare. De asemenea, n\u0103molul extras din lac aduce numeroase beneficii.<\/p>\n","protected":false},"excerpt":{"rendered":"<p>Lacul Ursu din Sovata este\u00a0cel mai mare lac s\u0103rat \u0219i helioterm din Europa. Monumentul unic al naturii are o suprafa\u021b\u0103 de\u00a040.235 metri p\u0103tra\u021bi, circumferin\u021ba de 1.180 metri \u0219i ad\u00e2ncimea de 18 metri. Aria pe care se g\u0103se\u0219te lacul Ursu este definit\u0103 ca rezerva\u021bie natural\u0103 de interes na\u021bional. Lacul a fost format \u00een urma unor evenimente&#8230; <\/p>\n<div class=\"clear\"><\/div>\n<p><a href=\"https:\/\/hotelgrand.ro\/ro\/trebuie-vizitat\/judetul\/lacul-ursu-sovata\/\" class=\"excerpt-read-more\">Continue Reading<i class=\"fa fa-long-arrow-right icon-long-arrow-right\"><\/i><\/a><\/p>\n","protected":false},"author":1,"featured_media":5354,"parent":4753,"menu_order":0,"comment_status":"closed","ping_status":"closed","template":"","meta":{"om_disable_all_campaigns":false,"_monsterinsights_skip_tracking":false,"_monsterinsights_sitenote_active":false,"_monsterinsights_sitenote_note":"","_monsterinsights_sitenote_category":0,"footnotes":""},"class_list":["post-4759","page","type-page","status-publish","has-post-thumbnail","hentry","page_category-judetul"],"aioseo_notices":[],"_links":{"self":[{"href":"https:\/\/hotelgrand.ro\/ro\/wp-json\/wp\/v2\/pages\/4759","targetHints":{"allow":["GET"]}}],"collection":[{"href":"https:\/\/hotelgrand.ro\/ro\/wp-json\/wp\/v2\/pages"}],"about":[{"href":"https:\/\/hotelgrand.ro\/ro\/wp-json\/wp\/v2\/types\/page"}],"author":[{"embeddable":true,"href":"https:\/\/hotelgrand.ro\/ro\/wp-json\/wp\/v2\/users\/1"}],"replies":[{"embeddable":true,"href":"https:\/\/hotelgrand.ro\/ro\/wp-json\/wp\/v2\/comments?post=4759"}],"version-history":[{"count":5,"href":"https:\/\/hotelgrand.ro\/ro\/wp-json\/wp\/v2\/pages\/4759\/revisions"}],"predecessor-version":[{"id":5355,"href":"https:\/\/hotelgrand.ro\/ro\/wp-json\/wp\/v2\/pages\/4759\/revisions\/5355"}],"up":[{"embeddable":true,"href":"https:\/\/hotelgrand.ro\/ro\/wp-json\/wp\/v2\/pages\/4753"}],"wp:featuredmedia":[{"embeddable":true,"href":"https:\/\/hotelgrand.ro\/ro\/wp-json\/wp\/v2\/media\/5354"}],"wp:attachment":[{"href":"https:\/\/hotelgrand.ro\/ro\/wp-json\/wp\/v2\/media?parent=4759"}],"curies":[{"name":"wp","href":"https:\/\/api.w.org\/{rel}","templated":true}]}}