{"id":4765,"date":"2017-01-09T15:06:20","date_gmt":"2017-01-09T15:06:20","guid":{"rendered":"http:\/\/hotelgrand.host28.reea.net\/?page_id=4765"},"modified":"2017-07-10T11:19:31","modified_gmt":"2017-07-10T11:19:31","slug":"city-break-castelul-regal-de-vanatoare-de-la-lapusna","status":"publish","type":"page","link":"https:\/\/hotelgrand.ro\/ro\/oferte\/city-break-castelul-regal-de-vanatoare-de-la-lapusna\/","title":{"rendered":"City Break &#8211; Castelul regal de v\u00e2n\u0103toare de la L\u0103pu\u0219na"},"content":{"rendered":"<p>Dac\u0103 dori\u021bi un sejur \u00een castelul regal de v\u00e2n\u0103toare de la L\u0103pu\u0219na sau\u00a0s\u0103 \u00eenchiria\u021bi spa\u021biul pentru diverse evenimente precum\u00a0nun\u021bi, botezuri, anivers\u0103ri, s\u0103rb\u0103tori pascale, Cr\u0103ciun, revelion, teambuildinguri sau tabere de crea\u021bie, nu ezita\u021bi s\u0103 ne contacta\u021bi. Vom pune la punct fiecare detaliu pentru ca evenimentul dumneavoastr\u0103 s\u0103 fie unul special.<\/p>\n<p>\u00cen func\u021bie de eveniment, v\u0103 vom preg\u0103ti sala \u0219i v\u0103 vom pune la dispozi\u021bie un buc\u0103tar \u0219i cei mai harnici osp\u0103tari.<\/p>\n<p>Pentru a discuta detaliile sejurului dumneavoastr\u0103 la castel, v\u0103 rug\u0103m s\u0103 suna\u021bi la recep\u021bia hotelului Grand (num\u0103r de telefon:\u00a0+40.365.730.003, +40.770.696.197 sau\u00a0+40.365.730.262) sau s\u0103 ne scrie\u021bi la adresa de email\u00a0<a href=\"mailto:rezervari@hotelgrand.ro\" target=\"_blank\" rel=\"noopener noreferrer\">rezervari@hotelgrand.ro<\/a>.<\/p>\n","protected":false},"excerpt":{"rendered":"<p>Dac\u0103 dori\u021bi un sejur \u00een castelul regal de v\u00e2n\u0103toare de la L\u0103pu\u0219na sau\u00a0s\u0103 \u00eenchiria\u021bi spa\u021biul pentru diverse evenimente precum\u00a0nun\u021bi, botezuri, anivers\u0103ri, s\u0103rb\u0103tori pascale, Cr\u0103ciun, revelion, teambuildinguri sau tabere de crea\u021bie, nu ezita\u021bi s\u0103 ne contacta\u021bi. Vom pune la punct fiecare detaliu pentru ca evenimentul dumneavoastr\u0103 s\u0103 fie unul special. \u00cen func\u021bie de eveniment, v\u0103 vom&#8230; <\/p>\n<div class=\"clear\"><\/div>\n<p><a href=\"https:\/\/hotelgrand.ro\/ro\/oferte\/city-break-castelul-regal-de-vanatoare-de-la-lapusna\/\" class=\"excerpt-read-more\">Continue Reading<i class=\"fa fa-long-arrow-right icon-long-arrow-right\"><\/i><\/a><\/p>\n","protected":false},"author":1,"featured_media":5245,"parent":4763,"menu_order":2,"comment_status":"closed","ping_status":"closed","template":"","meta":{"om_disable_all_campaigns":false,"_monsterinsights_skip_tracking":false,"_monsterinsights_sitenote_active":false,"_monsterinsights_sitenote_note":"","_monsterinsights_sitenote_category":0,"footnotes":""},"class_list":["post-4765","page","type-page","status-publish","has-post-thumbnail","hentry","page_category-oferte"],"aioseo_notices":[],"_links":{"self":[{"href":"https:\/\/hotelgrand.ro\/ro\/wp-json\/wp\/v2\/pages\/4765","targetHints":{"allow":["GET"]}}],"collection":[{"href":"https:\/\/hotelgrand.ro\/ro\/wp-json\/wp\/v2\/pages"}],"about":[{"href":"https:\/\/hotelgrand.ro\/ro\/wp-json\/wp\/v2\/types\/page"}],"author":[{"embeddable":true,"href":"https:\/\/hotelgrand.ro\/ro\/wp-json\/wp\/v2\/users\/1"}],"replies":[{"embeddable":true,"href":"https:\/\/hotelgrand.ro\/ro\/wp-json\/wp\/v2\/comments?post=4765"}],"version-history":[{"count":7,"href":"https:\/\/hotelgrand.ro\/ro\/wp-json\/wp\/v2\/pages\/4765\/revisions"}],"predecessor-version":[{"id":5576,"href":"https:\/\/hotelgrand.ro\/ro\/wp-json\/wp\/v2\/pages\/4765\/revisions\/5576"}],"up":[{"embeddable":true,"href":"https:\/\/hotelgrand.ro\/ro\/wp-json\/wp\/v2\/pages\/4763"}],"wp:featuredmedia":[{"embeddable":true,"href":"https:\/\/hotelgrand.ro\/ro\/wp-json\/wp\/v2\/media\/5245"}],"wp:attachment":[{"href":"https:\/\/hotelgrand.ro\/ro\/wp-json\/wp\/v2\/media?parent=4765"}],"curies":[{"name":"wp","href":"https:\/\/api.w.org\/{rel}","templated":true}]}}