{"id":4769,"date":"2017-01-09T15:07:43","date_gmt":"2017-01-09T15:07:43","guid":{"rendered":"http:\/\/hotelgrand.host28.reea.net\/?page_id=4769"},"modified":"2017-05-17T07:54:28","modified_gmt":"2017-05-17T07:54:28","slug":"cazati-2-nopti-primiti-20-reducere","status":"publish","type":"page","link":"https:\/\/hotelgrand.ro\/ro\/oferte\/cazati-2-nopti-primiti-20-reducere\/","title":{"rendered":"V\u0103 caza\u021bi 2 nop\u021bi, primi\u021bi 20% reducere"},"content":{"rendered":"<p>Dac\u0103 dori\u021bi s\u0103 v\u0103 petrece\u021bi un weekend relaxant sau dac\u0103 traseul pe care vi l-a\u021bi planificat \u00een concediu include un popas \u00een T\u00eergu-Mure\u0219, v\u0103 sf\u0103tuim s\u0103 v\u0103 rezerva\u021bi dou\u0103 nop\u021bi pentru cazare \u00een hotelul nostru. V\u0103 oferim 20% reducere. Astfel, economisi\u021bi bani \u0219i, totodat\u0103, v\u0103 pute\u021bi dedica mai mult timp pentru a vizita ora\u0219ul nostru frumos \u0219i obiectivele turistice din jur.\u00a0V\u0103 punem la dispozi\u021bie un \u0219ofer \u0219i v\u0103 oferim toate informa\u021biile de care ave\u021bi nevoie.<\/p>\n","protected":false},"excerpt":{"rendered":"<p>Dac\u0103 dori\u021bi s\u0103 v\u0103 petrece\u021bi un weekend relaxant sau dac\u0103 traseul pe care vi l-a\u021bi planificat \u00een concediu include un popas \u00een T\u00eergu-Mure\u0219, v\u0103 sf\u0103tuim s\u0103 v\u0103 rezerva\u021bi dou\u0103 nop\u021bi pentru cazare \u00een hotelul nostru. V\u0103 oferim 20% reducere. Astfel, economisi\u021bi bani \u0219i, totodat\u0103, v\u0103 pute\u021bi dedica mai mult timp pentru a vizita ora\u0219ul nostru&#8230; <\/p>\n<div class=\"clear\"><\/div>\n<p><a href=\"https:\/\/hotelgrand.ro\/ro\/oferte\/cazati-2-nopti-primiti-20-reducere\/\" class=\"excerpt-read-more\">Continue Reading<i class=\"fa fa-long-arrow-right icon-long-arrow-right\"><\/i><\/a><\/p>\n","protected":false},"author":1,"featured_media":5245,"parent":4763,"menu_order":0,"comment_status":"closed","ping_status":"closed","template":"","meta":{"om_disable_all_campaigns":false,"_monsterinsights_skip_tracking":false,"_monsterinsights_sitenote_active":false,"_monsterinsights_sitenote_note":"","_monsterinsights_sitenote_category":0,"footnotes":""},"class_list":["post-4769","page","type-page","status-publish","has-post-thumbnail","hentry","page_category-oferte"],"aioseo_notices":[],"_links":{"self":[{"href":"https:\/\/hotelgrand.ro\/ro\/wp-json\/wp\/v2\/pages\/4769","targetHints":{"allow":["GET"]}}],"collection":[{"href":"https:\/\/hotelgrand.ro\/ro\/wp-json\/wp\/v2\/pages"}],"about":[{"href":"https:\/\/hotelgrand.ro\/ro\/wp-json\/wp\/v2\/types\/page"}],"author":[{"embeddable":true,"href":"https:\/\/hotelgrand.ro\/ro\/wp-json\/wp\/v2\/users\/1"}],"replies":[{"embeddable":true,"href":"https:\/\/hotelgrand.ro\/ro\/wp-json\/wp\/v2\/comments?post=4769"}],"version-history":[{"count":5,"href":"https:\/\/hotelgrand.ro\/ro\/wp-json\/wp\/v2\/pages\/4769\/revisions"}],"predecessor-version":[{"id":5175,"href":"https:\/\/hotelgrand.ro\/ro\/wp-json\/wp\/v2\/pages\/4769\/revisions\/5175"}],"up":[{"embeddable":true,"href":"https:\/\/hotelgrand.ro\/ro\/wp-json\/wp\/v2\/pages\/4763"}],"wp:featuredmedia":[{"embeddable":true,"href":"https:\/\/hotelgrand.ro\/ro\/wp-json\/wp\/v2\/media\/5245"}],"wp:attachment":[{"href":"https:\/\/hotelgrand.ro\/ro\/wp-json\/wp\/v2\/media?parent=4769"}],"curies":[{"name":"wp","href":"https:\/\/api.w.org\/{rel}","templated":true}]}}