{"id":4773,"date":"2017-01-06T13:55:07","date_gmt":"2017-01-06T13:55:07","guid":{"rendered":"http:\/\/hotelgrand.host28.reea.net\/?page_id=4773"},"modified":"2025-10-10T14:26:40","modified_gmt":"2025-10-10T11:26:40","slug":"servicii","status":"publish","type":"page","link":"https:\/\/hotelgrand.ro\/ro\/servicii\/","title":{"rendered":"Servicii"},"content":{"rendered":"<p>Asigura\u021bi-v\u0103 c\u0103, atunci c\u00e2nd v\u0103 planifica\u021bi concediul \u00een inima Transilvaniei \u0219i a T\u00eergu-Mure\u0219ului, trece\u021bi pe list\u0103 hotelul Grand, pentru a v\u0103 relaxa \u00een stil grandios. La noi, g\u0103si\u021bi servicii hoteliere complete, at\u00e2t gratuite, incluse \u00een pre\u021bul caz\u0103rii, c\u00e2t \u0219i cu plat\u0103. \u00cen hotelul nostru de 4 stele beneficia\u021bi de toate serviciile enumerate mai sus.<\/p>\n","protected":false},"excerpt":{"rendered":"<p>Asigura\u021bi-v\u0103 c\u0103, atunci c\u00e2nd v\u0103 planifica\u021bi concediul \u00een inima Transilvaniei \u0219i a T\u00eergu-Mure\u0219ului, trece\u021bi pe list\u0103 hotelul Grand, pentru a v\u0103 relaxa \u00een stil grandios. La noi, g\u0103si\u021bi servicii hoteliere complete, at\u00e2t gratuite, incluse \u00een pre\u021bul caz\u0103rii, c\u00e2t \u0219i cu plat\u0103. \u00cen hotelul nostru de 4 stele beneficia\u021bi de toate serviciile enumerate mai sus.<\/p>\n","protected":false},"author":1,"featured_media":0,"parent":0,"menu_order":0,"comment_status":"closed","ping_status":"closed","template":"","meta":{"om_disable_all_campaigns":false,"_monsterinsights_skip_tracking":false,"_monsterinsights_sitenote_active":false,"_monsterinsights_sitenote_note":"","_monsterinsights_sitenote_category":0,"footnotes":""},"class_list":["post-4773","page","type-page","status-publish","hentry"],"aioseo_notices":[],"_links":{"self":[{"href":"https:\/\/hotelgrand.ro\/ro\/wp-json\/wp\/v2\/pages\/4773","targetHints":{"allow":["GET"]}}],"collection":[{"href":"https:\/\/hotelgrand.ro\/ro\/wp-json\/wp\/v2\/pages"}],"about":[{"href":"https:\/\/hotelgrand.ro\/ro\/wp-json\/wp\/v2\/types\/page"}],"author":[{"embeddable":true,"href":"https:\/\/hotelgrand.ro\/ro\/wp-json\/wp\/v2\/users\/1"}],"replies":[{"embeddable":true,"href":"https:\/\/hotelgrand.ro\/ro\/wp-json\/wp\/v2\/comments?post=4773"}],"version-history":[{"count":10,"href":"https:\/\/hotelgrand.ro\/ro\/wp-json\/wp\/v2\/pages\/4773\/revisions"}],"predecessor-version":[{"id":6228,"href":"https:\/\/hotelgrand.ro\/ro\/wp-json\/wp\/v2\/pages\/4773\/revisions\/6228"}],"wp:attachment":[{"href":"https:\/\/hotelgrand.ro\/ro\/wp-json\/wp\/v2\/media?parent=4773"}],"curies":[{"name":"wp","href":"https:\/\/api.w.org\/{rel}","templated":true}]}}