{"id":5584,"date":"2017-11-22T12:43:15","date_gmt":"2017-11-22T12:43:15","guid":{"rendered":"http:\/\/hotelgrand.host28.reea.net\/?page_id=5584\/"},"modified":"2018-12-04T08:41:37","modified_gmt":"2018-12-04T08:41:37","slug":"revelion-2019","status":"publish","type":"page","link":"https:\/\/hotelgrand.ro\/ro\/grand-events\/revelion-2019\/","title":{"rendered":"Revelion 2019"},"content":{"rendered":"<h3>31 decembrie 20:00<\/h3>\n<h2>The Party Lives On<\/h2>\n<p>MC IULIAN PRAJA &#8211; ANCA BRANEA LIVE &#8211; MIX MOBILE DJ<\/p>\n<p>Open Bar \u2013 Tombol\u0103 din or\u0103 \u00een or\u0103<\/p>\n<p>Pre\u021b 290 lei\/persoan\u0103<\/p>\n<p><strong>Rezerv\u0103ri:\u00a00744960345<\/strong><\/p>\n<p><img fetchpriority=\"high\" decoding=\"async\" class=\"alignnone wp-image-5619 size-large\" src=\"https:\/\/hotelgrand.ro\/wp-content\/uploads\/2017\/11\/rev-2019-grand-A5-resized-722x1024.jpg\" alt=\"\" width=\"722\" height=\"1024\" srcset=\"https:\/\/hotelgrand.ro\/wp-content\/uploads\/2017\/11\/rev-2019-grand-A5-resized.jpg 722w, https:\/\/hotelgrand.ro\/wp-content\/uploads\/2017\/11\/rev-2019-grand-A5-resized-212x300.jpg 212w\" sizes=\"(max-width: 722px) 100vw, 722px\" \/><\/p>\n<p>&nbsp;<\/p>\n","protected":false},"excerpt":{"rendered":"<p>31 decembrie 20:00 The Party Lives On MC IULIAN PRAJA &#8211; ANCA BRANEA LIVE &#8211; MIX MOBILE DJ Open Bar \u2013 Tombol\u0103 din or\u0103 \u00een or\u0103 Pre\u021b 290 lei\/persoan\u0103 Rezerv\u0103ri:\u00a00744960345 &nbsp;<\/p>\n","protected":false},"author":1,"featured_media":0,"parent":4736,"menu_order":0,"comment_status":"closed","ping_status":"closed","template":"","meta":{"om_disable_all_campaigns":false,"_monsterinsights_skip_tracking":false,"_monsterinsights_sitenote_active":false,"_monsterinsights_sitenote_note":"","_monsterinsights_sitenote_category":0,"footnotes":""},"class_list":["post-5584","page","type-page","status-publish","hentry"],"aioseo_notices":[],"_links":{"self":[{"href":"https:\/\/hotelgrand.ro\/ro\/wp-json\/wp\/v2\/pages\/5584","targetHints":{"allow":["GET"]}}],"collection":[{"href":"https:\/\/hotelgrand.ro\/ro\/wp-json\/wp\/v2\/pages"}],"about":[{"href":"https:\/\/hotelgrand.ro\/ro\/wp-json\/wp\/v2\/types\/page"}],"author":[{"embeddable":true,"href":"https:\/\/hotelgrand.ro\/ro\/wp-json\/wp\/v2\/users\/1"}],"replies":[{"embeddable":true,"href":"https:\/\/hotelgrand.ro\/ro\/wp-json\/wp\/v2\/comments?post=5584"}],"version-history":[{"count":8,"href":"https:\/\/hotelgrand.ro\/ro\/wp-json\/wp\/v2\/pages\/5584\/revisions"}],"predecessor-version":[{"id":5620,"href":"https:\/\/hotelgrand.ro\/ro\/wp-json\/wp\/v2\/pages\/5584\/revisions\/5620"}],"up":[{"embeddable":true,"href":"https:\/\/hotelgrand.ro\/ro\/wp-json\/wp\/v2\/pages\/4736"}],"wp:attachment":[{"href":"https:\/\/hotelgrand.ro\/ro\/wp-json\/wp\/v2\/media?parent=5584"}],"curies":[{"name":"wp","href":"https:\/\/api.w.org\/{rel}","templated":true}]}}